{"id":2483,"date":"2024-09-05T13:07:53","date_gmt":"2024-09-05T13:07:53","guid":{"rendered":"https:\/\/jamdc.cz\/?page_id=2483"},"modified":"2024-09-05T13:10:13","modified_gmt":"2024-09-05T13:10:13","slug":"elementor-stranka-ultrass","status":"publish","type":"page","link":"https:\/\/jamdc.cz\/?page_id=2483","title":{"rendered":"Elementor Str\u00e1nka &#8211; Ultrass"},"content":{"rendered":"\t\t<div data-elementor-type=\"wp-page\" data-elementor-id=\"2483\" class=\"elementor elementor-2483\">\n\t\t\t\t<div class=\"elementor-element elementor-element-10e7affc e-flex e-con-boxed e-con e-parent\" data-id=\"10e7affc\" data-element_type=\"container\" data-settings=\"{&quot;background_background&quot;:&quot;gradient&quot;}\">\n\t\t\t\t\t<div class=\"e-con-inner\">\n\t\t<div class=\"elementor-element elementor-element-68e32ae8 e-con-full e-flex e-con e-child\" data-id=\"68e32ae8\" data-element_type=\"container\">\n\t\t\t\t<div class=\"elementor-element elementor-element-78935090 elementor-widget__width-initial elementor-widget elementor-widget-image\" data-id=\"78935090\" data-element_type=\"widget\" data-widget_type=\"image.default\">\n\t\t\t\t<div class=\"elementor-widget-container\">\n\t\t\t\t\t\t\t\t\t\t\t\t\t\t\t<img fetchpriority=\"high\" decoding=\"async\" width=\"466\" height=\"600\" src=\"https:\/\/jamdc.cz\/wp-content\/uploads\/2024\/08\/Jam-Dance-Crew_logo_72dpi_RGB.png\" class=\"attachment-large size-large wp-image-1757\" alt=\"\" srcset=\"https:\/\/jamdc.cz\/wp-content\/uploads\/2024\/08\/Jam-Dance-Crew_logo_72dpi_RGB.png 466w, https:\/\/jamdc.cz\/wp-content\/uploads\/2024\/08\/Jam-Dance-Crew_logo_72dpi_RGB-233x300.png 233w\" sizes=\"(max-width: 466px) 100vw, 466px\" \/>\t\t\t\t\t\t\t\t\t\t\t\t\t\t\t<\/div>\n\t\t\t\t<\/div>\n\t\t\t\t<\/div>\n\t\t<div class=\"elementor-element elementor-element-7d309918 e-con-full e-flex e-con e-child\" data-id=\"7d309918\" data-element_type=\"container\">\n\t\t\t\t<div class=\"elementor-element elementor-element-543041e elementor-widget elementor-widget-heading\" data-id=\"543041e\" data-element_type=\"widget\" data-widget_type=\"heading.default\">\n\t\t\t\t<div class=\"elementor-widget-container\">\n\t\t\t\t\t<h1 class=\"elementor-heading-title elementor-size-default\">Ultrass<\/h1>\t\t\t\t<\/div>\n\t\t\t\t<\/div>\n\t\t\t\t<\/div>\n\t\t\t\t<div class=\"elementor-element elementor-element-b4902ef elementor-widget elementor-widget-text-editor\" data-id=\"b4902ef\" data-element_type=\"widget\" data-widget_type=\"text-editor.default\">\n\t\t\t\t<div class=\"elementor-widget-container\">\n\t\t\t\t\t\t\t\t\t<p><br \/>V\u00fdb\u011brov\u00e1 skupina Ultrass p\u0159edstavuje skute\u010dn\u00fd vrchol tane\u010dn\u00edho um\u011bn\u00ed v na\u0161\u00ed \u0161kole. Tyto tane\u010dnice jsou elita, kter\u00e1 pravideln\u011b sb\u00edr\u00e1 vav\u0159\u00edny na dom\u00e1c\u00ed i mezin\u00e1rodn\u00ed sc\u00e9n\u011b. Jejich posledn\u00edm velk\u00fdm \u00fasp\u011bchem bylo um\u00edst\u011bn\u00ed v top 8 na Mistrovstv\u00ed Evropy v Chorvatsku. Kamkoli p\u0159ijedou, tam skl\u00edz\u00ed \u00fasp\u011bchy a obdiv. Jsou \u017eiv\u00fdm d\u016fkazem toho, \u017ee s tvrdou prac\u00ed a v\u00e1\u0161n\u00ed lze dos\u00e1hnout naprosto v\u0161eho.<\/p><div id=\"simple-translate\" class=\"simple-translate-dark-theme\"><div><div class=\"simple-translate-button isShow\" style=\"background-image: url('moz-extension:\/\/9b4282c4-ce41-4717-831d-29a7bcafd2f0\/icons\/512.png'); height: 22px; width: 22px; top: 38px; left: 17px;\">\u00a0<\/div><div class=\"simple-translate-panel \" style=\"width: 300px; height: 200px; top: 0px; left: 0px; font-size: 13px;\"><div class=\"simple-translate-result-wrapper\" style=\"overflow: hidden;\"><div class=\"simple-translate-move\" draggable=\"true\">\u00a0<\/div><div class=\"simple-translate-result-contents\"><p class=\"simple-translate-result\" dir=\"auto\">\u00a0<\/p><p class=\"simple-translate-candidate\" dir=\"auto\">\u00a0<\/p><\/div><\/div><\/div><\/div><\/div>\t\t\t\t\t\t\t\t<\/div>\n\t\t\t\t<\/div>\n\t\t\t\t<div class=\"elementor-element elementor-element-3d78992 elementor-widget elementor-widget-spacer\" data-id=\"3d78992\" data-element_type=\"widget\" data-widget_type=\"spacer.default\">\n\t\t\t\t<div class=\"elementor-widget-container\">\n\t\t\t\t\t\t\t<div class=\"elementor-spacer\">\n\t\t\t<div class=\"elementor-spacer-inner\"><\/div>\n\t\t<\/div>\n\t\t\t\t\t\t<\/div>\n\t\t\t\t<\/div>\n\t\t\t\t\t<\/div>\n\t\t\t\t<\/div>\n\t\t<div class=\"elementor-element elementor-element-1f5939cf e-flex e-con-boxed e-con e-parent\" data-id=\"1f5939cf\" data-element_type=\"container\">\n\t\t\t\t\t<div class=\"e-con-inner\">\n\t\t<div class=\"elementor-element elementor-element-572c5988 e-con-full e-flex e-con e-child\" data-id=\"572c5988\" data-element_type=\"container\">\n\t\t\t\t<div class=\"elementor-element elementor-element-79f96980 elementor-widget elementor-widget-image\" data-id=\"79f96980\" data-element_type=\"widget\" data-widget_type=\"image.default\">\n\t\t\t\t<div class=\"elementor-widget-container\">\n\t\t\t\t\t\t\t\t\t\t\t\t\t\t\t<img decoding=\"async\" width=\"1024\" height=\"683\" src=\"https:\/\/jamdc.cz\/wp-content\/uploads\/2024\/08\/ATE_5535-1024x683.jpg\" class=\"attachment-large size-large wp-image-2103\" alt=\"\" srcset=\"https:\/\/jamdc.cz\/wp-content\/uploads\/2024\/08\/ATE_5535-1024x683.jpg 1024w, https:\/\/jamdc.cz\/wp-content\/uploads\/2024\/08\/ATE_5535-300x200.jpg 300w, https:\/\/jamdc.cz\/wp-content\/uploads\/2024\/08\/ATE_5535-768x512.jpg 768w, https:\/\/jamdc.cz\/wp-content\/uploads\/2024\/08\/ATE_5535-1536x1024.jpg 1536w, https:\/\/jamdc.cz\/wp-content\/uploads\/2024\/08\/ATE_5535-2048x1365.jpg 2048w\" sizes=\"(max-width: 1024px) 100vw, 1024px\" \/>\t\t\t\t\t\t\t\t\t\t\t\t\t\t\t<\/div>\n\t\t\t\t<\/div>\n\t\t\t\t<\/div>\n\t\t<div class=\"elementor-element elementor-element-6463b993 e-con-full e-flex e-con e-child\" data-id=\"6463b993\" data-element_type=\"container\">\n\t\t\t\t<div class=\"elementor-element elementor-element-13ae80c elementor-widget elementor-widget-image\" data-id=\"13ae80c\" data-element_type=\"widget\" data-widget_type=\"image.default\">\n\t\t\t\t<div class=\"elementor-widget-container\">\n\t\t\t\t\t\t\t\t\t\t\t\t\t\t\t<img decoding=\"async\" width=\"1024\" height=\"683\" src=\"https:\/\/jamdc.cz\/wp-content\/uploads\/2024\/08\/ultrass-1-1024x683.jpg\" class=\"attachment-large size-large wp-image-2115\" alt=\"\" srcset=\"https:\/\/jamdc.cz\/wp-content\/uploads\/2024\/08\/ultrass-1-1024x683.jpg 1024w, https:\/\/jamdc.cz\/wp-content\/uploads\/2024\/08\/ultrass-1-300x200.jpg 300w, https:\/\/jamdc.cz\/wp-content\/uploads\/2024\/08\/ultrass-1-768x512.jpg 768w, https:\/\/jamdc.cz\/wp-content\/uploads\/2024\/08\/ultrass-1-1536x1024.jpg 1536w, https:\/\/jamdc.cz\/wp-content\/uploads\/2024\/08\/ultrass-1-2048x1365.jpg 2048w\" sizes=\"(max-width: 1024px) 100vw, 1024px\" \/>\t\t\t\t\t\t\t\t\t\t\t\t\t\t\t<\/div>\n\t\t\t\t<\/div>\n\t\t\t\t<\/div>\n\t\t<div class=\"elementor-element elementor-element-5f57a0dd e-con-full e-flex e-con e-child\" data-id=\"5f57a0dd\" data-element_type=\"container\">\n\t\t\t\t<div class=\"elementor-element elementor-element-6a1c391c elementor-widget elementor-widget-video\" data-id=\"6a1c391c\" data-element_type=\"widget\" data-settings=\"{&quot;video_type&quot;:&quot;hosted&quot;,&quot;controls&quot;:&quot;yes&quot;}\" data-widget_type=\"video.default\">\n\t\t\t\t<div class=\"elementor-widget-container\">\n\t\t\t\t\t\t\t<div class=\"e-hosted-video elementor-wrapper elementor-open-inline\">\n\t\t\t\t\t<video class=\"elementor-video\" src=\"http:\/\/jamdc.cz\/wp-content\/uploads\/2024\/09\/ultrass-video.mov\" controls=\"\" preload=\"metadata\" controlsList=\"nodownload\"><\/video>\n\t\t\t\t<\/div>\n\t\t\t\t\t\t<\/div>\n\t\t\t\t<\/div>\n\t\t\t\t<\/div>\n\t\t\t\t\t<\/div>\n\t\t\t\t<\/div>\n\t\t\t\t<\/div>\n\t\t","protected":false},"excerpt":{"rendered":"<p>Ultrass V\u00fdb\u011brov\u00e1 skupina Ultrass p\u0159edstavuje skute\u010dn\u00fd vrchol tane\u010dn\u00edho um\u011bn\u00ed v na\u0161\u00ed \u0161kole. Tyto tane\u010dnice jsou elita, kter\u00e1 pravideln\u011b sb\u00edr\u00e1 vav\u0159\u00edny na dom\u00e1c\u00ed i mezin\u00e1rodn\u00ed sc\u00e9n\u011b. Jejich posledn\u00edm velk\u00fdm \u00fasp\u011bchem bylo um\u00edst\u011bn\u00ed v top 8 na Mistrovstv\u00ed Evropy v Chorvatsku. Kamkoli p\u0159ijedou, tam skl\u00edz\u00ed \u00fasp\u011bchy a obdiv. Jsou \u017eiv\u00fdm d\u016fkazem toho, \u017ee s tvrdou prac\u00ed a&#8230;<\/p>\n","protected":false},"author":2,"featured_media":0,"parent":0,"menu_order":0,"comment_status":"closed","ping_status":"closed","template":"","meta":{"_kadence_starter_templates_imported_post":false,"_kad_post_transparent":"","_kad_post_title":"hide","_kad_post_layout":"fullwidth","_kad_post_sidebar_id":"","_kad_post_content_style":"unboxed","_kad_post_vertical_padding":"hide","_kad_post_feature":"hide","_kad_post_feature_position":"","_kad_post_header":false,"_kad_post_footer":false,"footnotes":""},"class_list":["post-2483","page","type-page","status-publish","hentry"],"_links":{"self":[{"href":"https:\/\/jamdc.cz\/index.php?rest_route=\/wp\/v2\/pages\/2483","targetHints":{"allow":["GET"]}}],"collection":[{"href":"https:\/\/jamdc.cz\/index.php?rest_route=\/wp\/v2\/pages"}],"about":[{"href":"https:\/\/jamdc.cz\/index.php?rest_route=\/wp\/v2\/types\/page"}],"author":[{"embeddable":true,"href":"https:\/\/jamdc.cz\/index.php?rest_route=\/wp\/v2\/users\/2"}],"replies":[{"embeddable":true,"href":"https:\/\/jamdc.cz\/index.php?rest_route=%2Fwp%2Fv2%2Fcomments&post=2483"}],"version-history":[{"count":4,"href":"https:\/\/jamdc.cz\/index.php?rest_route=\/wp\/v2\/pages\/2483\/revisions"}],"predecessor-version":[{"id":2493,"href":"https:\/\/jamdc.cz\/index.php?rest_route=\/wp\/v2\/pages\/2483\/revisions\/2493"}],"wp:attachment":[{"href":"https:\/\/jamdc.cz\/index.php?rest_route=%2Fwp%2Fv2%2Fmedia&parent=2483"}],"curies":[{"name":"wp","href":"https:\/\/api.w.org\/{rel}","templated":true}]}}