{"id":2478,"date":"2024-09-05T13:00:50","date_gmt":"2024-09-05T13:00:50","guid":{"rendered":"https:\/\/jamdc.cz\/?page_id=2478"},"modified":"2024-09-05T13:01:53","modified_gmt":"2024-09-05T13:01:53","slug":"elementor-stranka-extrass","status":"publish","type":"page","link":"https:\/\/jamdc.cz\/?page_id=2478","title":{"rendered":"Elementor Str\u00e1nka &#8211; Extrass"},"content":{"rendered":"\t\t<div data-elementor-type=\"wp-page\" data-elementor-id=\"2478\" class=\"elementor elementor-2478\">\n\t\t\t\t<div class=\"elementor-element elementor-element-6a0b2314 e-flex e-con-boxed e-con e-parent\" data-id=\"6a0b2314\" data-element_type=\"container\" data-settings=\"{&quot;background_background&quot;:&quot;gradient&quot;}\">\n\t\t\t\t\t<div class=\"e-con-inner\">\n\t\t<div class=\"elementor-element elementor-element-509f4b6f e-con-full e-flex e-con e-child\" data-id=\"509f4b6f\" data-element_type=\"container\">\n\t\t\t\t<div class=\"elementor-element elementor-element-4bda8f01 elementor-widget__width-initial elementor-widget elementor-widget-image\" data-id=\"4bda8f01\" data-element_type=\"widget\" data-widget_type=\"image.default\">\n\t\t\t\t<div class=\"elementor-widget-container\">\n\t\t\t\t\t\t\t\t\t\t\t\t\t\t\t<img fetchpriority=\"high\" decoding=\"async\" width=\"466\" height=\"600\" src=\"https:\/\/jamdc.cz\/wp-content\/uploads\/2024\/08\/Jam-Dance-Crew_logo_72dpi_RGB.png\" class=\"attachment-large size-large wp-image-1757\" alt=\"\" srcset=\"https:\/\/jamdc.cz\/wp-content\/uploads\/2024\/08\/Jam-Dance-Crew_logo_72dpi_RGB.png 466w, https:\/\/jamdc.cz\/wp-content\/uploads\/2024\/08\/Jam-Dance-Crew_logo_72dpi_RGB-233x300.png 233w\" sizes=\"(max-width: 466px) 100vw, 466px\" \/>\t\t\t\t\t\t\t\t\t\t\t\t\t\t\t<\/div>\n\t\t\t\t<\/div>\n\t\t\t\t<\/div>\n\t\t<div class=\"elementor-element elementor-element-32bf9686 e-con-full e-flex e-con e-child\" data-id=\"32bf9686\" data-element_type=\"container\">\n\t\t\t\t<div class=\"elementor-element elementor-element-6df7d6f3 elementor-widget elementor-widget-heading\" data-id=\"6df7d6f3\" data-element_type=\"widget\" data-widget_type=\"heading.default\">\n\t\t\t\t<div class=\"elementor-widget-container\">\n\t\t\t\t\t<h1 class=\"elementor-heading-title elementor-size-default\">Extrass<\/h1>\t\t\t\t<\/div>\n\t\t\t\t<\/div>\n\t\t\t\t<\/div>\n\t\t\t\t<div class=\"elementor-element elementor-element-46cbb8ca elementor-widget elementor-widget-text-editor\" data-id=\"46cbb8ca\" data-element_type=\"widget\" data-widget_type=\"text-editor.default\">\n\t\t\t\t<div class=\"elementor-widget-container\">\n\t\t\t\t\t\t\t\t\t<p><br \/>Dosp\u011bl\u00e1ck\u00e1 slo\u017eka Extrass se skl\u00e1d\u00e1 z t\u011bch nejlep\u0161\u00edch tane\u010dn\u00edk\u016f a tane\u010dnic, kte\u0159\u00ed maj\u00ed za sebou dlouhou \u0159adu \u00fasp\u011b\u0161n\u00fdch sout\u011b\u017e\u00ed. Tato skupina pravideln\u011b obsazuje p\u0159edn\u00ed m\u00edsta a jejich talent je nep\u0159ehl\u00e9dnuteln\u00fd. V roce 2024 dos\u00e1hli \u00fa\u017easn\u00e9ho 5. m\u00edsta na presti\u017en\u00ed sout\u011b\u017ei Beat Street-M\u010cR. Jejich tane\u010dn\u00ed dovednosti a profesion\u00e1ln\u00ed p\u0159\u00edstup jsou vzorem pro v\u0161echny, kdo se cht\u011bj\u00ed tanci v\u011bnovat naplno.<\/p><div id=\"simple-translate\" class=\"simple-translate-dark-theme\"><div><div class=\"simple-translate-button isShow\" style=\"background-image: url('moz-extension:\/\/9b4282c4-ce41-4717-831d-29a7bcafd2f0\/icons\/512.png'); height: 22px; width: 22px; top: 40px; left: 20px;\">\u00a0<\/div><div class=\"simple-translate-panel \" style=\"width: 300px; height: 200px; top: 0px; left: 0px; font-size: 13px;\"><div class=\"simple-translate-result-wrapper\" style=\"overflow: hidden;\"><div class=\"simple-translate-move\" draggable=\"true\">\u00a0<\/div><div class=\"simple-translate-result-contents\"><p class=\"simple-translate-result\" dir=\"auto\">\u00a0<\/p><p class=\"simple-translate-candidate\" dir=\"auto\">\u00a0<\/p><\/div><\/div><\/div><\/div><\/div>\t\t\t\t\t\t\t\t<\/div>\n\t\t\t\t<\/div>\n\t\t\t\t<div class=\"elementor-element elementor-element-381d77a elementor-widget elementor-widget-spacer\" data-id=\"381d77a\" data-element_type=\"widget\" data-widget_type=\"spacer.default\">\n\t\t\t\t<div class=\"elementor-widget-container\">\n\t\t\t\t\t\t\t<div class=\"elementor-spacer\">\n\t\t\t<div class=\"elementor-spacer-inner\"><\/div>\n\t\t<\/div>\n\t\t\t\t\t\t<\/div>\n\t\t\t\t<\/div>\n\t\t\t\t\t<\/div>\n\t\t\t\t<\/div>\n\t\t<div class=\"elementor-element elementor-element-23242e0a e-flex e-con-boxed e-con e-parent\" data-id=\"23242e0a\" data-element_type=\"container\">\n\t\t\t\t\t<div class=\"e-con-inner\">\n\t\t<div class=\"elementor-element elementor-element-7271bf78 e-con-full e-flex e-con e-child\" data-id=\"7271bf78\" data-element_type=\"container\">\n\t\t\t\t<div class=\"elementor-element elementor-element-5851de27 elementor-widget elementor-widget-image\" data-id=\"5851de27\" data-element_type=\"widget\" data-widget_type=\"image.default\">\n\t\t\t\t<div class=\"elementor-widget-container\">\n\t\t\t\t\t\t\t\t\t\t\t\t\t\t\t<img decoding=\"async\" width=\"1024\" height=\"683\" src=\"https:\/\/jamdc.cz\/wp-content\/uploads\/2024\/08\/extrass-2-1024x683.jpg\" class=\"attachment-large size-large wp-image-2105\" alt=\"\" srcset=\"https:\/\/jamdc.cz\/wp-content\/uploads\/2024\/08\/extrass-2-1024x683.jpg 1024w, https:\/\/jamdc.cz\/wp-content\/uploads\/2024\/08\/extrass-2-300x200.jpg 300w, https:\/\/jamdc.cz\/wp-content\/uploads\/2024\/08\/extrass-2-768x512.jpg 768w, https:\/\/jamdc.cz\/wp-content\/uploads\/2024\/08\/extrass-2-1536x1024.jpg 1536w, https:\/\/jamdc.cz\/wp-content\/uploads\/2024\/08\/extrass-2-2048x1365.jpg 2048w\" sizes=\"(max-width: 1024px) 100vw, 1024px\" \/>\t\t\t\t\t\t\t\t\t\t\t\t\t\t\t<\/div>\n\t\t\t\t<\/div>\n\t\t\t\t<\/div>\n\t\t<div class=\"elementor-element elementor-element-35ef8d8e e-con-full e-flex e-con e-child\" data-id=\"35ef8d8e\" data-element_type=\"container\">\n\t\t\t\t<div class=\"elementor-element elementor-element-7ef0923c elementor-widget elementor-widget-image\" data-id=\"7ef0923c\" data-element_type=\"widget\" data-widget_type=\"image.default\">\n\t\t\t\t<div class=\"elementor-widget-container\">\n\t\t\t\t\t\t\t\t\t\t\t\t\t\t\t<img decoding=\"async\" width=\"1024\" height=\"683\" src=\"https:\/\/jamdc.cz\/wp-content\/uploads\/2024\/08\/extrass-1024x683.jpg\" class=\"attachment-large size-large wp-image-2106\" alt=\"\" srcset=\"https:\/\/jamdc.cz\/wp-content\/uploads\/2024\/08\/extrass-1024x683.jpg 1024w, https:\/\/jamdc.cz\/wp-content\/uploads\/2024\/08\/extrass-300x200.jpg 300w, https:\/\/jamdc.cz\/wp-content\/uploads\/2024\/08\/extrass-768x512.jpg 768w, https:\/\/jamdc.cz\/wp-content\/uploads\/2024\/08\/extrass-1536x1024.jpg 1536w, https:\/\/jamdc.cz\/wp-content\/uploads\/2024\/08\/extrass-2048x1365.jpg 2048w\" sizes=\"(max-width: 1024px) 100vw, 1024px\" \/>\t\t\t\t\t\t\t\t\t\t\t\t\t\t\t<\/div>\n\t\t\t\t<\/div>\n\t\t\t\t<\/div>\n\t\t<div class=\"elementor-element elementor-element-c9644e3 e-con-full e-flex e-con e-child\" data-id=\"c9644e3\" data-element_type=\"container\">\n\t\t\t\t<div class=\"elementor-element elementor-element-680fcffc elementor-widget elementor-widget-video\" data-id=\"680fcffc\" data-element_type=\"widget\" data-settings=\"{&quot;video_type&quot;:&quot;hosted&quot;,&quot;controls&quot;:&quot;yes&quot;}\" data-widget_type=\"video.default\">\n\t\t\t\t<div class=\"elementor-widget-container\">\n\t\t\t\t\t\t\t<div class=\"e-hosted-video elementor-wrapper elementor-open-inline\">\n\t\t\t\t\t<video class=\"elementor-video\" src=\"http:\/\/jamdc.cz\/wp-content\/uploads\/2024\/09\/extrass-vodeo.mp4\" controls=\"\" preload=\"metadata\" controlsList=\"nodownload\"><\/video>\n\t\t\t\t<\/div>\n\t\t\t\t\t\t<\/div>\n\t\t\t\t<\/div>\n\t\t\t\t<\/div>\n\t\t\t\t\t<\/div>\n\t\t\t\t<\/div>\n\t\t\t\t<\/div>\n\t\t","protected":false},"excerpt":{"rendered":"<p>Extrass Dosp\u011bl\u00e1ck\u00e1 slo\u017eka Extrass se skl\u00e1d\u00e1 z t\u011bch nejlep\u0161\u00edch tane\u010dn\u00edk\u016f a tane\u010dnic, kte\u0159\u00ed maj\u00ed za sebou dlouhou \u0159adu \u00fasp\u011b\u0161n\u00fdch sout\u011b\u017e\u00ed. Tato skupina pravideln\u011b obsazuje p\u0159edn\u00ed m\u00edsta a jejich talent je nep\u0159ehl\u00e9dnuteln\u00fd. V roce 2024 dos\u00e1hli \u00fa\u017easn\u00e9ho 5. m\u00edsta na presti\u017en\u00ed sout\u011b\u017ei Beat Street-M\u010cR. Jejich tane\u010dn\u00ed dovednosti a profesion\u00e1ln\u00ed p\u0159\u00edstup jsou vzorem pro v\u0161echny, kdo se&#8230;<\/p>\n","protected":false},"author":2,"featured_media":0,"parent":0,"menu_order":0,"comment_status":"closed","ping_status":"closed","template":"","meta":{"_kadence_starter_templates_imported_post":false,"_kad_post_transparent":"","_kad_post_title":"hide","_kad_post_layout":"fullwidth","_kad_post_sidebar_id":"","_kad_post_content_style":"unboxed","_kad_post_vertical_padding":"hide","_kad_post_feature":"hide","_kad_post_feature_position":"","_kad_post_header":false,"_kad_post_footer":false,"footnotes":""},"class_list":["post-2478","page","type-page","status-publish","hentry"],"_links":{"self":[{"href":"https:\/\/jamdc.cz\/index.php?rest_route=\/wp\/v2\/pages\/2478","targetHints":{"allow":["GET"]}}],"collection":[{"href":"https:\/\/jamdc.cz\/index.php?rest_route=\/wp\/v2\/pages"}],"about":[{"href":"https:\/\/jamdc.cz\/index.php?rest_route=\/wp\/v2\/types\/page"}],"author":[{"embeddable":true,"href":"https:\/\/jamdc.cz\/index.php?rest_route=\/wp\/v2\/users\/2"}],"replies":[{"embeddable":true,"href":"https:\/\/jamdc.cz\/index.php?rest_route=%2Fwp%2Fv2%2Fcomments&post=2478"}],"version-history":[{"count":4,"href":"https:\/\/jamdc.cz\/index.php?rest_route=\/wp\/v2\/pages\/2478\/revisions"}],"predecessor-version":[{"id":2482,"href":"https:\/\/jamdc.cz\/index.php?rest_route=\/wp\/v2\/pages\/2478\/revisions\/2482"}],"wp:attachment":[{"href":"https:\/\/jamdc.cz\/index.php?rest_route=%2Fwp%2Fv2%2Fmedia&parent=2478"}],"curies":[{"name":"wp","href":"https:\/\/api.w.org\/{rel}","templated":true}]}}