{"id":2458,"date":"2024-09-05T12:47:28","date_gmt":"2024-09-05T12:47:28","guid":{"rendered":"https:\/\/jamdc.cz\/?page_id=2458"},"modified":"2024-09-05T13:05:39","modified_gmt":"2024-09-05T13:05:39","slug":"elementor-stranka-2458","status":"publish","type":"page","link":"https:\/\/jamdc.cz\/?page_id=2458","title":{"rendered":"Elementor Str\u00e1nka &#8211; Junio\u0159i"},"content":{"rendered":"\t\t<div data-elementor-type=\"wp-page\" data-elementor-id=\"2458\" class=\"elementor elementor-2458\">\n\t\t\t\t<div class=\"elementor-element elementor-element-418dbf68 e-flex e-con-boxed e-con e-parent\" data-id=\"418dbf68\" data-element_type=\"container\" data-settings=\"{&quot;background_background&quot;:&quot;gradient&quot;}\">\n\t\t\t\t\t<div class=\"e-con-inner\">\n\t\t<div class=\"elementor-element elementor-element-5a696885 e-con-full e-flex e-con e-child\" data-id=\"5a696885\" data-element_type=\"container\">\n\t\t\t\t<div class=\"elementor-element elementor-element-27622816 elementor-widget__width-initial elementor-widget elementor-widget-image\" data-id=\"27622816\" data-element_type=\"widget\" data-widget_type=\"image.default\">\n\t\t\t\t<div class=\"elementor-widget-container\">\n\t\t\t\t\t\t\t\t\t\t\t\t\t\t\t<img fetchpriority=\"high\" decoding=\"async\" width=\"466\" height=\"600\" src=\"https:\/\/jamdc.cz\/wp-content\/uploads\/2024\/08\/Jam-Dance-Crew_logo_72dpi_RGB.png\" class=\"attachment-large size-large wp-image-1757\" alt=\"\" srcset=\"https:\/\/jamdc.cz\/wp-content\/uploads\/2024\/08\/Jam-Dance-Crew_logo_72dpi_RGB.png 466w, https:\/\/jamdc.cz\/wp-content\/uploads\/2024\/08\/Jam-Dance-Crew_logo_72dpi_RGB-233x300.png 233w\" sizes=\"(max-width: 466px) 100vw, 466px\" \/>\t\t\t\t\t\t\t\t\t\t\t\t\t\t\t<\/div>\n\t\t\t\t<\/div>\n\t\t\t\t<\/div>\n\t\t<div class=\"elementor-element elementor-element-4c8fac51 e-con-full e-flex e-con e-child\" data-id=\"4c8fac51\" data-element_type=\"container\">\n\t\t\t\t<div class=\"elementor-element elementor-element-5c7aa368 elementor-widget elementor-widget-heading\" data-id=\"5c7aa368\" data-element_type=\"widget\" data-widget_type=\"heading.default\">\n\t\t\t\t<div class=\"elementor-widget-container\">\n\t\t\t\t\t<h1 class=\"elementor-heading-title elementor-size-default\">Junio\u0159i<\/h1>\t\t\t\t<\/div>\n\t\t\t\t<\/div>\n\t\t\t\t<\/div>\n\t\t\t\t<div class=\"elementor-element elementor-element-2d8ea8b elementor-widget elementor-widget-text-editor\" data-id=\"2d8ea8b\" data-element_type=\"widget\" data-widget_type=\"text-editor.default\">\n\t\t\t\t<div class=\"elementor-widget-container\">\n\t\t\t\t\t\t\t\t\t<p>Junio\u0159i tvo\u0159\u00ed skupinu talentovan\u00fdch teenager\u016f, kte\u0159\u00ed se ji\u017e mohou pochlubit n\u011bkolika \u00fasp\u011bchy na tane\u010dn\u00ed sc\u00e9n\u011b. Tato m\u00edrn\u011b pokro\u010dil\u00e1 slo\u017eka se \u00fa\u010dastn\u00ed r\u016fzn\u00fdch poh\u00e1rov\u00fdch sout\u011b\u017e\u00ed a jejich tvrd\u00e1 pr\u00e1ce jim vynesla 2. m\u00edsto na presti\u017en\u00edm poh\u00e1ru Mistrovstv\u00ed \u010cech. Tr\u00e9ninky jsou pro n\u011b nejen z\u00e1bavou, ale i p\u0159\u00edpravou na je\u0161t\u011b v\u011bt\u0161\u00ed tane\u010dn\u00ed v\u00fdzvy.<\/p>\t\t\t\t\t\t\t\t<\/div>\n\t\t\t\t<\/div>\n\t\t\t\t<div class=\"elementor-element elementor-element-1bf2910 elementor-widget elementor-widget-spacer\" data-id=\"1bf2910\" data-element_type=\"widget\" data-widget_type=\"spacer.default\">\n\t\t\t\t<div class=\"elementor-widget-container\">\n\t\t\t\t\t\t\t<div class=\"elementor-spacer\">\n\t\t\t<div class=\"elementor-spacer-inner\"><\/div>\n\t\t<\/div>\n\t\t\t\t\t\t<\/div>\n\t\t\t\t<\/div>\n\t\t\t\t\t<\/div>\n\t\t\t\t<\/div>\n\t\t<div class=\"elementor-element elementor-element-4421c38d e-flex e-con-boxed e-con e-parent\" data-id=\"4421c38d\" data-element_type=\"container\">\n\t\t\t\t\t<div class=\"e-con-inner\">\n\t\t<div class=\"elementor-element elementor-element-45541c34 e-con-full e-flex e-con e-child\" data-id=\"45541c34\" data-element_type=\"container\">\n\t\t\t\t<div class=\"elementor-element elementor-element-4f2a1d9 elementor-widget elementor-widget-image\" data-id=\"4f2a1d9\" data-element_type=\"widget\" data-widget_type=\"image.default\">\n\t\t\t\t<div class=\"elementor-widget-container\">\n\t\t\t\t\t\t\t\t\t\t\t\t\t\t\t<img decoding=\"async\" width=\"1024\" height=\"683\" src=\"https:\/\/jamdc.cz\/wp-content\/uploads\/2024\/08\/ATE_2015-1024x683.jpg\" class=\"attachment-large size-large wp-image-2102\" alt=\"\" srcset=\"https:\/\/jamdc.cz\/wp-content\/uploads\/2024\/08\/ATE_2015-1024x683.jpg 1024w, https:\/\/jamdc.cz\/wp-content\/uploads\/2024\/08\/ATE_2015-300x200.jpg 300w, https:\/\/jamdc.cz\/wp-content\/uploads\/2024\/08\/ATE_2015-768x512.jpg 768w, https:\/\/jamdc.cz\/wp-content\/uploads\/2024\/08\/ATE_2015-1536x1024.jpg 1536w, https:\/\/jamdc.cz\/wp-content\/uploads\/2024\/08\/ATE_2015-2048x1365.jpg 2048w\" sizes=\"(max-width: 1024px) 100vw, 1024px\" \/>\t\t\t\t\t\t\t\t\t\t\t\t\t\t\t<\/div>\n\t\t\t\t<\/div>\n\t\t\t\t<\/div>\n\t\t<div class=\"elementor-element elementor-element-42848c3 e-con-full e-flex e-con e-child\" data-id=\"42848c3\" data-element_type=\"container\">\n\t\t\t\t<div class=\"elementor-element elementor-element-147bbce3 elementor-widget elementor-widget-video\" data-id=\"147bbce3\" data-element_type=\"widget\" data-settings=\"{&quot;video_type&quot;:&quot;hosted&quot;,&quot;controls&quot;:&quot;yes&quot;}\" data-widget_type=\"video.default\">\n\t\t\t\t<div class=\"elementor-widget-container\">\n\t\t\t\t\t\t\t<div class=\"e-hosted-video elementor-wrapper elementor-open-inline\">\n\t\t\t\t\t<video class=\"elementor-video\" src=\"http:\/\/jamdc.cz\/wp-content\/uploads\/2024\/09\/juniori-video.mp4\" controls=\"\" preload=\"metadata\" controlsList=\"nodownload\"><\/video>\n\t\t\t\t<\/div>\n\t\t\t\t\t\t<\/div>\n\t\t\t\t<\/div>\n\t\t\t\t<\/div>\n\t\t\t\t\t<\/div>\n\t\t\t\t<\/div>\n\t\t\t\t<\/div>\n\t\t","protected":false},"excerpt":{"rendered":"<p>Junio\u0159i Junio\u0159i tvo\u0159\u00ed skupinu talentovan\u00fdch teenager\u016f, kte\u0159\u00ed se ji\u017e mohou pochlubit n\u011bkolika \u00fasp\u011bchy na tane\u010dn\u00ed sc\u00e9n\u011b. Tato m\u00edrn\u011b pokro\u010dil\u00e1 slo\u017eka se \u00fa\u010dastn\u00ed r\u016fzn\u00fdch poh\u00e1rov\u00fdch sout\u011b\u017e\u00ed a jejich tvrd\u00e1 pr\u00e1ce jim vynesla 2. m\u00edsto na presti\u017en\u00edm poh\u00e1ru Mistrovstv\u00ed \u010cech. Tr\u00e9ninky jsou pro n\u011b nejen z\u00e1bavou, ale i p\u0159\u00edpravou na je\u0161t\u011b v\u011bt\u0161\u00ed tane\u010dn\u00ed v\u00fdzvy. http:\/\/jamdc.cz\/wp-content\/uploads\/2024\/09\/juniori-video.mp4<\/p>\n","protected":false},"author":2,"featured_media":0,"parent":0,"menu_order":0,"comment_status":"closed","ping_status":"closed","template":"","meta":{"_kadence_starter_templates_imported_post":false,"_kad_post_transparent":"","_kad_post_title":"hide","_kad_post_layout":"fullwidth","_kad_post_sidebar_id":"","_kad_post_content_style":"unboxed","_kad_post_vertical_padding":"hide","_kad_post_feature":"hide","_kad_post_feature_position":"","_kad_post_header":false,"_kad_post_footer":false,"footnotes":""},"class_list":["post-2458","page","type-page","status-publish","hentry"],"_links":{"self":[{"href":"https:\/\/jamdc.cz\/index.php?rest_route=\/wp\/v2\/pages\/2458","targetHints":{"allow":["GET"]}}],"collection":[{"href":"https:\/\/jamdc.cz\/index.php?rest_route=\/wp\/v2\/pages"}],"about":[{"href":"https:\/\/jamdc.cz\/index.php?rest_route=\/wp\/v2\/types\/page"}],"author":[{"embeddable":true,"href":"https:\/\/jamdc.cz\/index.php?rest_route=\/wp\/v2\/users\/2"}],"replies":[{"embeddable":true,"href":"https:\/\/jamdc.cz\/index.php?rest_route=%2Fwp%2Fv2%2Fcomments&post=2458"}],"version-history":[{"count":7,"href":"https:\/\/jamdc.cz\/index.php?rest_route=\/wp\/v2\/pages\/2458\/revisions"}],"predecessor-version":[{"id":2490,"href":"https:\/\/jamdc.cz\/index.php?rest_route=\/wp\/v2\/pages\/2458\/revisions\/2490"}],"wp:attachment":[{"href":"https:\/\/jamdc.cz\/index.php?rest_route=%2Fwp%2Fv2%2Fmedia&parent=2458"}],"curies":[{"name":"wp","href":"https:\/\/api.w.org\/{rel}","templated":true}]}}