{"id":2185,"date":"2024-08-21T12:50:13","date_gmt":"2024-08-21T12:50:13","guid":{"rendered":"https:\/\/jamdc.cz\/?page_id=2185"},"modified":"2024-08-25T15:01:25","modified_gmt":"2024-08-25T15:01:25","slug":"lil-chill-lucka-lektor-2024","status":"publish","type":"page","link":"https:\/\/jamdc.cz\/?page_id=2185","title":{"rendered":"Lil chill Lucka &#8211; Lektor 2024"},"content":{"rendered":"\t\t<div data-elementor-type=\"wp-page\" data-elementor-id=\"2185\" class=\"elementor elementor-2185\">\n\t\t\t\t<div class=\"elementor-element elementor-element-4a80d96f e-flex e-con-boxed e-con e-parent\" data-id=\"4a80d96f\" data-element_type=\"container\" data-settings=\"{&quot;background_background&quot;:&quot;gradient&quot;}\">\n\t\t\t\t\t<div class=\"e-con-inner\">\n\t\t<div class=\"elementor-element elementor-element-6cf247e7 e-con-full e-flex e-con e-child\" data-id=\"6cf247e7\" data-element_type=\"container\">\n\t\t\t\t<div class=\"elementor-element elementor-element-41f39ba4 elementor-widget__width-initial elementor-widget elementor-widget-image\" data-id=\"41f39ba4\" data-element_type=\"widget\" data-widget_type=\"image.default\">\n\t\t\t\t<div class=\"elementor-widget-container\">\n\t\t\t\t\t\t\t\t\t\t\t\t\t\t\t<img fetchpriority=\"high\" decoding=\"async\" width=\"466\" height=\"600\" src=\"https:\/\/jamdc.cz\/wp-content\/uploads\/2024\/08\/Jam-Dance-Crew_logo_72dpi_RGB.png\" class=\"attachment-large size-large wp-image-1757\" alt=\"\" srcset=\"https:\/\/jamdc.cz\/wp-content\/uploads\/2024\/08\/Jam-Dance-Crew_logo_72dpi_RGB.png 466w, https:\/\/jamdc.cz\/wp-content\/uploads\/2024\/08\/Jam-Dance-Crew_logo_72dpi_RGB-233x300.png 233w\" sizes=\"(max-width: 466px) 100vw, 466px\" \/>\t\t\t\t\t\t\t\t\t\t\t\t\t\t\t<\/div>\n\t\t\t\t<\/div>\n\t\t\t\t<\/div>\n\t\t<div class=\"elementor-element elementor-element-41fd6595 e-con-full e-flex e-con e-child\" data-id=\"41fd6595\" data-element_type=\"container\">\n\t\t\t\t<div class=\"elementor-element elementor-element-63058b0d elementor-widget elementor-widget-heading\" data-id=\"63058b0d\" data-element_type=\"widget\" data-widget_type=\"heading.default\">\n\t\t\t\t<div class=\"elementor-widget-container\">\n\t\t\t\t\t<h1 class=\"elementor-heading-title elementor-size-default\">Lucie Hrdli\u010dkov\u00e1 (L\u016fca)<\/h1>\t\t\t\t<\/div>\n\t\t\t\t<\/div>\n\t\t\t\t<\/div>\n\t\t\t\t<div class=\"elementor-element elementor-element-38a69767 elementor-widget elementor-widget-text-editor\" data-id=\"38a69767\" data-element_type=\"widget\" data-widget_type=\"text-editor.default\">\n\t\t\t\t<div class=\"elementor-widget-container\">\n\t\t\t\t\t\t\t\t\t<p>Tancuji od roku 2012 od sv\u00fdch 6-ti let. Za\u010d\u00ednala jsem v tane\u010dn\u00ed skupin\u011b SDG Praha, kde jsem tan\u010dila 6 let. V roce 2018 jsem p\u0159e\u0161la do Jam dance crew. V roce 2022 jsem za\u010dala u\u010dit dal\u0161\u00ed tane\u010dn\u00edky. Freestylovala jsem pouze jeden rok &#8211; 2019. Z\u00fa\u010dastnila jsem se mnoho sout\u011b\u017e\u00ed jak postupov\u00fdch, tak poh\u00e1rov\u00fdch. Postupov\u00fdch nej\u010dast\u011bji CDO, poh\u00e1rov\u00fdch nej\u010dast\u011bji RAK cup. N\u011bkolika n\u00e1sobn\u00e1 \u00fa\u010dast na mistrovstv\u00ed \u010cesk\u00e9 republiky a tak\u00e9 jsem se 2x z\u00fa\u010dastnitnila mistrovstv\u00ed Evropy &#8211; rok 2023 a 2024<\/p><div class=\"gmail_quote\"><div dir=\"auto\"><div dir=\"auto\">Moje \u00fasp\u011bchy &#8211; 1. m\u00edsto &#8211; 5x<\/div><div dir=\"auto\">\u00a0 \u00a0 \u00a0 \u00a0 \u00a0 \u00a0 \u00a0 \u00a0 \u00a0 \u00a0 \u00a0 \u00a0 \u00a0 \u00a0 2. m\u00edsto &#8211; 9x<\/div><div dir=\"auto\">\u00a0 \u00a0 \u00a0 \u00a0 \u00a0 \u00a0 \u00a0 \u00a0 \u00a0 \u00a0 \u00a0 \u00a0 \u00a0 \u00a0 3. m\u00edsto &#8211; 6\u00d7<\/div><div dir=\"auto\">Moj\u00ed motivac\u00ed je pocit, kter\u00fd mi hudba a tanec d\u00e1v\u00e1. To odreagov\u00e1n\u00ed, relax, z\u00e1bava, ale taky ten pocit \u00fasp\u011bchu. Dost velkou motivac\u00ed je taky to, kolik let to d\u011bl\u00e1m a jak se v tom m\u016f\u017eu st\u00e1le zlep\u0161ovat . Kdy\u017e u\u010d\u00edm d\u011bti, je pro m\u011b d\u016fle\u017eit\u00e9 vid\u011bt jak se zlep\u0161uj\u00ed, d\u011blaj\u00ed velk\u00e9 pokroky a sd\u00edlet s nimi jejich \u00fasp\u011bchy.<\/div><div dir=\"auto\">P\u0159ed rokem 2018<\/div><div dir=\"auto\">2017- d\u011bti v akci 3.m\u00edsto<\/div><div dir=\"auto\">\u00a0 \u00a0 \u00a0 \u00a0 \u00a0 \u00a0street festival 3.m\u00edsto<\/div><div dir=\"auto\">2016- d\u011bti v akci 3. m\u00edsto<\/div><div dir=\"auto\">2014- prague dance show 2.m\u00edsto<\/div><div dir=\"auto\">2019<\/div><div dir=\"auto\">CDO- Region- hobby street dosp\u011bl\u00ed Neon Extrass Flavour 2.m\u00edsto<\/div><div dir=\"auto\">CDO- Region- ll. liga Junio\u0159i EXKURZE 6.m\u00edsto<\/div><div dir=\"auto\">\u00a0RAK CUP- hobby street dosp\u011bl\u00ed Neon Extrass Flavour 2.m\u00edsto<\/div><div dir=\"auto\">2022\u00a0<\/div><div dir=\"auto\">CDO- Region- hobby street Junio\u0159i Ms.Rona 1.m\u00edsto<\/div><div dir=\"auto\">CDO- M\u010cR- ll. liga Junio\u0159i Ms. Rona 6. m\u00edsto<\/div><div dir=\"auto\">2023<\/div><div dir=\"auto\">CDO- Region- hobby street mal\u00e9 formace dosp\u011bl\u00ed ZULU 2. m\u00edsto<\/div><div dir=\"auto\">CDO- \u010cechy- hobby street mal\u00e9 formace dosp\u011bl\u00ed ZULU 3. m\u00edsto<\/div><div dir=\"auto\">CDO- M\u010cR- hobby street mal\u00e9 formace dosp\u011bl\u00ed ZULU 8. m\u00edsto<\/div><div dir=\"auto\">TSR- ZULU 1. m\u00edsto<\/div><div dir=\"auto\">TSR- Mistrovstv\u00ed Evropy BRAIDED 8. m\u00edsto<\/div><div dir=\"auto\">2024<\/div><div dir=\"auto\">CDO- Region- hobby street mal\u00e9 formace dosp\u011bl\u00ed BRAIDED 1. m\u00edsto<\/div><div dir=\"auto\">TSR- BRAIDED 2. m\u00edsto<\/div><div dir=\"auto\">Dancefonie 2. m\u00edsto\u00a0<\/div><div dir=\"auto\">TSR- Mistrovstv\u00ed Evropy BRAIDED 9.m\u00edsto<\/div><\/div><\/div>\t\t\t\t\t\t\t\t<\/div>\n\t\t\t\t<\/div>\n\t\t\t\t\t<\/div>\n\t\t\t\t<\/div>\n\t\t<div class=\"elementor-element elementor-element-ba182df e-flex e-con-boxed e-con e-parent\" data-id=\"ba182df\" data-element_type=\"container\">\n\t\t\t\t\t<div class=\"e-con-inner\">\n\t\t<div class=\"elementor-element elementor-element-99869a e-con-full e-flex e-con e-child\" data-id=\"99869a\" data-element_type=\"container\">\n\t\t\t\t<div class=\"elementor-element elementor-element-7c19309d elementor-widget elementor-widget-image\" data-id=\"7c19309d\" data-element_type=\"widget\" data-widget_type=\"image.default\">\n\t\t\t\t<div class=\"elementor-widget-container\">\n\t\t\t\t\t\t\t\t\t\t\t\t\t\t\t<img decoding=\"async\" width=\"486\" height=\"1024\" src=\"https:\/\/jamdc.cz\/wp-content\/uploads\/2024\/08\/Luca2-486x1024.jpg\" class=\"attachment-large size-large wp-image-2161\" alt=\"\" srcset=\"https:\/\/jamdc.cz\/wp-content\/uploads\/2024\/08\/Luca2-486x1024.jpg 486w, https:\/\/jamdc.cz\/wp-content\/uploads\/2024\/08\/Luca2-143x300.jpg 143w, https:\/\/jamdc.cz\/wp-content\/uploads\/2024\/08\/Luca2-768x1617.jpg 768w, https:\/\/jamdc.cz\/wp-content\/uploads\/2024\/08\/Luca2-730x1536.jpg 730w, https:\/\/jamdc.cz\/wp-content\/uploads\/2024\/08\/Luca2-973x2048.jpg 973w, https:\/\/jamdc.cz\/wp-content\/uploads\/2024\/08\/Luca2-scaled.jpg 1216w\" sizes=\"(max-width: 486px) 100vw, 486px\" \/>\t\t\t\t\t\t\t\t\t\t\t\t\t\t\t<\/div>\n\t\t\t\t<\/div>\n\t\t\t\t<\/div>\n\t\t<div class=\"elementor-element elementor-element-656e2b4b e-con-full e-flex e-con e-child\" data-id=\"656e2b4b\" data-element_type=\"container\">\n\t\t\t\t<div class=\"elementor-element elementor-element-28b71376 elementor-widget elementor-widget-image\" data-id=\"28b71376\" data-element_type=\"widget\" data-widget_type=\"image.default\">\n\t\t\t\t<div class=\"elementor-widget-container\">\n\t\t\t\t\t\t\t\t\t\t\t\t\t\t\t<img decoding=\"async\" width=\"486\" height=\"1024\" src=\"https:\/\/jamdc.cz\/wp-content\/uploads\/2024\/08\/Luca1-486x1024.jpg\" class=\"attachment-large size-large wp-image-2160\" alt=\"\" srcset=\"https:\/\/jamdc.cz\/wp-content\/uploads\/2024\/08\/Luca1-486x1024.jpg 486w, https:\/\/jamdc.cz\/wp-content\/uploads\/2024\/08\/Luca1-142x300.jpg 142w, https:\/\/jamdc.cz\/wp-content\/uploads\/2024\/08\/Luca1-768x1617.jpg 768w, https:\/\/jamdc.cz\/wp-content\/uploads\/2024\/08\/Luca1-729x1536.jpg 729w, https:\/\/jamdc.cz\/wp-content\/uploads\/2024\/08\/Luca1-973x2048.jpg 973w, https:\/\/jamdc.cz\/wp-content\/uploads\/2024\/08\/Luca1-scaled.jpg 1216w\" sizes=\"(max-width: 486px) 100vw, 486px\" \/>\t\t\t\t\t\t\t\t\t\t\t\t\t\t\t<\/div>\n\t\t\t\t<\/div>\n\t\t\t\t<\/div>\n\t\t<div class=\"elementor-element elementor-element-598e035d e-con-full e-flex e-con e-child\" data-id=\"598e035d\" data-element_type=\"container\">\n\t\t\t\t<\/div>\n\t\t\t\t\t<\/div>\n\t\t\t\t<\/div>\n\t\t\t\t<\/div>\n\t\t","protected":false},"excerpt":{"rendered":"<p>Lucie Hrdli\u010dkov\u00e1 (L\u016fca) Tancuji od roku 2012 od sv\u00fdch 6-ti let. Za\u010d\u00ednala jsem v tane\u010dn\u00ed skupin\u011b SDG Praha, kde jsem tan\u010dila 6 let. V roce 2018 jsem p\u0159e\u0161la do Jam dance crew. V roce 2022 jsem za\u010dala u\u010dit dal\u0161\u00ed tane\u010dn\u00edky. Freestylovala jsem pouze jeden rok &#8211; 2019. Z\u00fa\u010dastnila jsem se mnoho sout\u011b\u017e\u00ed jak postupov\u00fdch, tak&#8230;<\/p>\n","protected":false},"author":2,"featured_media":0,"parent":0,"menu_order":0,"comment_status":"closed","ping_status":"closed","template":"","meta":{"_kadence_starter_templates_imported_post":false,"_kad_post_transparent":"","_kad_post_title":"hide","_kad_post_layout":"fullwidth","_kad_post_sidebar_id":"","_kad_post_content_style":"unboxed","_kad_post_vertical_padding":"hide","_kad_post_feature":"hide","_kad_post_feature_position":"","_kad_post_header":false,"_kad_post_footer":false,"footnotes":""},"class_list":["post-2185","page","type-page","status-publish","hentry"],"_links":{"self":[{"href":"https:\/\/jamdc.cz\/index.php?rest_route=\/wp\/v2\/pages\/2185","targetHints":{"allow":["GET"]}}],"collection":[{"href":"https:\/\/jamdc.cz\/index.php?rest_route=\/wp\/v2\/pages"}],"about":[{"href":"https:\/\/jamdc.cz\/index.php?rest_route=\/wp\/v2\/types\/page"}],"author":[{"embeddable":true,"href":"https:\/\/jamdc.cz\/index.php?rest_route=\/wp\/v2\/users\/2"}],"replies":[{"embeddable":true,"href":"https:\/\/jamdc.cz\/index.php?rest_route=%2Fwp%2Fv2%2Fcomments&post=2185"}],"version-history":[{"count":7,"href":"https:\/\/jamdc.cz\/index.php?rest_route=\/wp\/v2\/pages\/2185\/revisions"}],"predecessor-version":[{"id":2334,"href":"https:\/\/jamdc.cz\/index.php?rest_route=\/wp\/v2\/pages\/2185\/revisions\/2334"}],"wp:attachment":[{"href":"https:\/\/jamdc.cz\/index.php?rest_route=%2Fwp%2Fv2%2Fmedia&parent=2185"}],"curies":[{"name":"wp","href":"https:\/\/api.w.org\/{rel}","templated":true}]}}