{"id":2169,"date":"2024-08-21T12:30:36","date_gmt":"2024-08-21T12:30:36","guid":{"rendered":"https:\/\/jamdc.cz\/?page_id=2169"},"modified":"2024-08-25T15:03:52","modified_gmt":"2024-08-25T15:03:52","slug":"lil-chill-zuzana-lektor-2024","status":"publish","type":"page","link":"https:\/\/jamdc.cz\/?page_id=2169","title":{"rendered":"lil chill  Zuzana &#8211; Lektor 2024"},"content":{"rendered":"\t\t<div data-elementor-type=\"wp-page\" data-elementor-id=\"2169\" class=\"elementor elementor-2169\">\n\t\t\t\t<div class=\"elementor-element elementor-element-3a8526c e-flex e-con-boxed e-con e-parent\" data-id=\"3a8526c\" data-element_type=\"container\" data-settings=\"{&quot;background_background&quot;:&quot;gradient&quot;}\">\n\t\t\t\t\t<div class=\"e-con-inner\">\n\t\t<div class=\"elementor-element elementor-element-41ed7216 e-con-full e-flex e-con e-child\" data-id=\"41ed7216\" data-element_type=\"container\">\n\t\t\t\t<div class=\"elementor-element elementor-element-73e10ba2 elementor-widget__width-initial elementor-widget elementor-widget-image\" data-id=\"73e10ba2\" data-element_type=\"widget\" data-widget_type=\"image.default\">\n\t\t\t\t<div class=\"elementor-widget-container\">\n\t\t\t\t\t\t\t\t\t\t\t\t\t\t\t<img fetchpriority=\"high\" decoding=\"async\" width=\"466\" height=\"600\" src=\"https:\/\/jamdc.cz\/wp-content\/uploads\/2024\/08\/Jam-Dance-Crew_logo_72dpi_RGB.png\" class=\"attachment-large size-large wp-image-1757\" alt=\"\" srcset=\"https:\/\/jamdc.cz\/wp-content\/uploads\/2024\/08\/Jam-Dance-Crew_logo_72dpi_RGB.png 466w, https:\/\/jamdc.cz\/wp-content\/uploads\/2024\/08\/Jam-Dance-Crew_logo_72dpi_RGB-233x300.png 233w\" sizes=\"(max-width: 466px) 100vw, 466px\" \/>\t\t\t\t\t\t\t\t\t\t\t\t\t\t\t<\/div>\n\t\t\t\t<\/div>\n\t\t\t\t<\/div>\n\t\t<div class=\"elementor-element elementor-element-74ef0c29 e-con-full e-flex e-con e-child\" data-id=\"74ef0c29\" data-element_type=\"container\">\n\t\t\t\t<div class=\"elementor-element elementor-element-49b61392 elementor-widget elementor-widget-heading\" data-id=\"49b61392\" data-element_type=\"widget\" data-widget_type=\"heading.default\">\n\t\t\t\t<div class=\"elementor-widget-container\">\n\t\t\t\t\t<h1 class=\"elementor-heading-title elementor-size-default\">Zuzana Studenovsk\u00e1 - Zaza<\/h1>\t\t\t\t<\/div>\n\t\t\t\t<\/div>\n\t\t\t\t<\/div>\n\t\t\t\t<div class=\"elementor-element elementor-element-2aa297c elementor-widget elementor-widget-text-editor\" data-id=\"2aa297c\" data-element_type=\"widget\" data-widget_type=\"text-editor.default\">\n\t\t\t\t<div class=\"elementor-widget-container\">\n\t\t\t\t\t\t\t\t\t<p>Tanec byl pro m\u011b v\u017edy d\u016fle\u017eitou sou\u010d\u00e1st\u00ed m\u00e9ho \u017eivota. U\u017e 13t\u00fdm rokem m\u011b to neskute\u010dn\u011b bav\u00ed, p\u0159edev\u0161\u00edm improvizace a objevov\u00e1n\u00ed nov\u00fdch styl\u016f.<\/p><p>Od m\u00fdch osmi let tak\u00e9 jezd\u00edm na battly a z mnoha jsem si odvezla medaily. Tak\u00e9 se chci l\u00e9pe sezn\u00e1mit s tane\u010dn\u00ed komunitou, tak\u017ee jezd\u00edme s crew na r\u016fzn\u00e9 tane\u010dn\u00ed akce a workshopy a vyu\u017eijeme ka\u017edou p\u0159\u00edle\u017eitost se zlep\u0161it. V budoucnu bych se cht\u011bla v\u00edce v\u011bnovat tvorb\u011b chorografi\u00ed a freestylu a s crew prorazit mezi\u00a0 top<\/p><p>tane\u010dn\u00edky.<\/p>\t\t\t\t\t\t\t\t<\/div>\n\t\t\t\t<\/div>\n\t\t\t\t\t<\/div>\n\t\t\t\t<\/div>\n\t\t<div class=\"elementor-element elementor-element-c5c190c e-flex e-con-boxed e-con e-parent\" data-id=\"c5c190c\" data-element_type=\"container\">\n\t\t\t\t\t<div class=\"e-con-inner\">\n\t\t<div class=\"elementor-element elementor-element-6b5cce3a e-con-full e-flex e-con e-child\" data-id=\"6b5cce3a\" data-element_type=\"container\">\n\t\t\t\t<div class=\"elementor-element elementor-element-250901ee elementor-widget elementor-widget-image\" data-id=\"250901ee\" data-element_type=\"widget\" data-widget_type=\"image.default\">\n\t\t\t\t<div class=\"elementor-widget-container\">\n\t\t\t\t\t\t\t\t\t\t\t\t\t\t\t<img decoding=\"async\" width=\"1024\" height=\"1024\" src=\"https:\/\/jamdc.cz\/wp-content\/uploads\/2024\/08\/Zuzana-1024x1024.jpg\" class=\"attachment-large size-large wp-image-2164\" alt=\"\" srcset=\"https:\/\/jamdc.cz\/wp-content\/uploads\/2024\/08\/Zuzana-1024x1024.jpg 1024w, https:\/\/jamdc.cz\/wp-content\/uploads\/2024\/08\/Zuzana-300x300.jpg 300w, https:\/\/jamdc.cz\/wp-content\/uploads\/2024\/08\/Zuzana-150x150.jpg 150w, https:\/\/jamdc.cz\/wp-content\/uploads\/2024\/08\/Zuzana-768x768.jpg 768w, https:\/\/jamdc.cz\/wp-content\/uploads\/2024\/08\/Zuzana.jpg 1440w\" sizes=\"(max-width: 1024px) 100vw, 1024px\" \/>\t\t\t\t\t\t\t\t\t\t\t\t\t\t\t<\/div>\n\t\t\t\t<\/div>\n\t\t\t\t<\/div>\n\t\t<div class=\"elementor-element elementor-element-3b51e2d9 e-con-full e-flex e-con e-child\" data-id=\"3b51e2d9\" data-element_type=\"container\">\n\t\t\t\t<\/div>\n\t\t<div class=\"elementor-element elementor-element-4e60ffef e-con-full e-flex e-con e-child\" data-id=\"4e60ffef\" data-element_type=\"container\">\n\t\t\t\t<div class=\"elementor-element elementor-element-630ff7f6 elementor-widget elementor-widget-video\" data-id=\"630ff7f6\" data-element_type=\"widget\" data-settings=\"{&quot;video_type&quot;:&quot;hosted&quot;,&quot;controls&quot;:&quot;yes&quot;}\" data-widget_type=\"video.default\">\n\t\t\t\t<div class=\"elementor-widget-container\">\n\t\t\t\t\t\t\t<div class=\"e-hosted-video elementor-wrapper elementor-open-inline\">\n\t\t\t\t\t<video class=\"elementor-video\" src=\"http:\/\/jamdc.cz\/wp-content\/uploads\/2024\/08\/Zuza_video.mp4\" controls=\"\" preload=\"metadata\" controlsList=\"nodownload\"><\/video>\n\t\t\t\t<\/div>\n\t\t\t\t\t\t<\/div>\n\t\t\t\t<\/div>\n\t\t\t\t<\/div>\n\t\t\t\t\t<\/div>\n\t\t\t\t<\/div>\n\t\t\t\t<\/div>\n\t\t","protected":false},"excerpt":{"rendered":"<p>Zuzana Studenovsk\u00e1 &#8211; Zaza Tanec byl pro m\u011b v\u017edy d\u016fle\u017eitou sou\u010d\u00e1st\u00ed m\u00e9ho \u017eivota. U\u017e 13t\u00fdm rokem m\u011b to neskute\u010dn\u011b bav\u00ed, p\u0159edev\u0161\u00edm improvizace a objevov\u00e1n\u00ed nov\u00fdch styl\u016f. Od m\u00fdch osmi let tak\u00e9 jezd\u00edm na battly a z mnoha jsem si odvezla medaily. Tak\u00e9 se chci l\u00e9pe sezn\u00e1mit s tane\u010dn\u00ed komunitou, tak\u017ee jezd\u00edme s crew na r\u016fzn\u00e9&#8230;<\/p>\n","protected":false},"author":2,"featured_media":0,"parent":0,"menu_order":0,"comment_status":"closed","ping_status":"closed","template":"","meta":{"_kadence_starter_templates_imported_post":false,"_kad_post_transparent":"","_kad_post_title":"hide","_kad_post_layout":"fullwidth","_kad_post_sidebar_id":"","_kad_post_content_style":"unboxed","_kad_post_vertical_padding":"hide","_kad_post_feature":"hide","_kad_post_feature_position":"","_kad_post_header":false,"_kad_post_footer":false,"footnotes":""},"class_list":["post-2169","page","type-page","status-publish","hentry"],"_links":{"self":[{"href":"https:\/\/jamdc.cz\/index.php?rest_route=\/wp\/v2\/pages\/2169","targetHints":{"allow":["GET"]}}],"collection":[{"href":"https:\/\/jamdc.cz\/index.php?rest_route=\/wp\/v2\/pages"}],"about":[{"href":"https:\/\/jamdc.cz\/index.php?rest_route=\/wp\/v2\/types\/page"}],"author":[{"embeddable":true,"href":"https:\/\/jamdc.cz\/index.php?rest_route=\/wp\/v2\/users\/2"}],"replies":[{"embeddable":true,"href":"https:\/\/jamdc.cz\/index.php?rest_route=%2Fwp%2Fv2%2Fcomments&post=2169"}],"version-history":[{"count":7,"href":"https:\/\/jamdc.cz\/index.php?rest_route=\/wp\/v2\/pages\/2169\/revisions"}],"predecessor-version":[{"id":2346,"href":"https:\/\/jamdc.cz\/index.php?rest_route=\/wp\/v2\/pages\/2169\/revisions\/2346"}],"wp:attachment":[{"href":"https:\/\/jamdc.cz\/index.php?rest_route=%2Fwp%2Fv2%2Fmedia&parent=2169"}],"curies":[{"name":"wp","href":"https:\/\/api.w.org\/{rel}","templated":true}]}}