{"id":2144,"date":"2024-08-21T12:01:07","date_gmt":"2024-08-21T12:01:07","guid":{"rendered":"https:\/\/jamdc.cz\/?page_id=2144"},"modified":"2025-08-20T17:00:44","modified_gmt":"2025-08-20T17:00:44","slug":"camp-of-jam","status":"publish","type":"page","link":"https:\/\/jamdc.cz\/?page_id=2144","title":{"rendered":"Camp of Jam"},"content":{"rendered":"\t\t<div data-elementor-type=\"wp-page\" data-elementor-id=\"2144\" class=\"elementor elementor-2144\">\n\t\t\t\t<div class=\"elementor-element elementor-element-2354118 e-flex e-con-boxed e-con e-parent\" data-id=\"2354118\" data-element_type=\"container\">\n\t\t\t\t\t<div class=\"e-con-inner\">\n\t\t\t\t<div class=\"elementor-element elementor-element-62c5cb3 elementor-widget elementor-widget-heading\" data-id=\"62c5cb3\" data-element_type=\"widget\" data-widget_type=\"heading.default\">\n\t\t\t\t<div class=\"elementor-widget-container\">\n\t\t\t\t\t<h2 class=\"elementor-heading-title elementor-size-default\">Camp Of JAM dance<\/h2>\t\t\t\t<\/div>\n\t\t\t\t<\/div>\n\t\t\t\t\t<\/div>\n\t\t\t\t<\/div>\n\t\t<div class=\"elementor-element elementor-element-5c94ee9 e-flex e-con-boxed e-con e-parent\" data-id=\"5c94ee9\" data-element_type=\"container\">\n\t\t\t\t\t<div class=\"e-con-inner\">\n\t\t\t\t<div class=\"elementor-element elementor-element-4f91fc1 elementor-widget elementor-widget-text-editor\" data-id=\"4f91fc1\" data-element_type=\"widget\" data-widget_type=\"text-editor.default\">\n\t\t\t\t<div class=\"elementor-widget-container\">\n\t\t\t\t\t\t\t\t\t<p style=\"text-align: center;\">N\u00e1\u0161 legend\u00e1rn\u00ed tane\u010dn\u00ed t\u00e1bor Camp of Jam dance, kter\u00fd se kon\u00e1 v p\u0159ekr\u00e1sn\u00e9m st\u0159edisku Tesla Horn\u00ed Bradlo ji\u017e 14 t\u00fdm rokem u\u017e m\u00e1 datum&#8230;..<\/p><p style=\"text-align: center;\">a to je 11.7 &#8211; 18.7.2026. Tak\u017ee SAVE A DATE a p\u0159ihla\u0161ovat se m\u016f\u017eete ji\u017e tento prosinec.\u00a0<\/p>\t\t\t\t\t\t\t\t<\/div>\n\t\t\t\t<\/div>\n\t\t\t\t\t<\/div>\n\t\t\t\t<\/div>\n\t\t<div class=\"elementor-element elementor-element-82a5b12 e-flex e-con-boxed e-con e-parent\" data-id=\"82a5b12\" data-element_type=\"container\">\n\t\t\t\t\t<div class=\"e-con-inner\">\n\t\t\t\t<div class=\"elementor-element elementor-element-4dfd7b5 elementor-widget elementor-widget-heading\" data-id=\"4dfd7b5\" data-element_type=\"widget\" data-widget_type=\"heading.default\">\n\t\t\t\t<div class=\"elementor-widget-container\">\n\t\t\t\t\t<h2 class=\"elementor-heading-title elementor-size-default\">2023<\/h2>\t\t\t\t<\/div>\n\t\t\t\t<\/div>\n\t\t\t\t<div class=\"elementor-element elementor-element-a691c1a elementor-widget elementor-widget-video\" data-id=\"a691c1a\" data-element_type=\"widget\" data-settings=\"{&quot;video_type&quot;:&quot;hosted&quot;,&quot;controls&quot;:&quot;yes&quot;}\" data-widget_type=\"video.default\">\n\t\t\t\t<div class=\"elementor-widget-container\">\n\t\t\t\t\t\t\t<div class=\"e-hosted-video elementor-wrapper elementor-open-inline\">\n\t\t\t\t\t<video class=\"elementor-video\" src=\"http:\/\/jamdc.cz\/wp-content\/uploads\/2024\/08\/Camp-of-Jam-Dance-2023_Final.mp4\" controls=\"\" preload=\"metadata\" controlsList=\"nodownload\"><\/video>\n\t\t\t\t<\/div>\n\t\t\t\t\t\t<\/div>\n\t\t\t\t<\/div>\n\t\t\t\t\t<\/div>\n\t\t\t\t<\/div>\n\t\t<div class=\"elementor-element elementor-element-78edf32 e-flex e-con-boxed e-con e-parent\" data-id=\"78edf32\" data-element_type=\"container\">\n\t\t\t\t\t<div class=\"e-con-inner\">\n\t\t\t\t<div class=\"elementor-element elementor-element-8b530b8 elementor-widget elementor-widget-heading\" data-id=\"8b530b8\" data-element_type=\"widget\" data-widget_type=\"heading.default\">\n\t\t\t\t<div class=\"elementor-widget-container\">\n\t\t\t\t\t<h2 class=\"elementor-heading-title elementor-size-default\">2022<\/h2>\t\t\t\t<\/div>\n\t\t\t\t<\/div>\n\t\t\t\t<div class=\"elementor-element elementor-element-f7394a2 elementor-widget elementor-widget-video\" data-id=\"f7394a2\" data-element_type=\"widget\" data-settings=\"{&quot;video_type&quot;:&quot;hosted&quot;,&quot;controls&quot;:&quot;yes&quot;}\" data-widget_type=\"video.default\">\n\t\t\t\t<div class=\"elementor-widget-container\">\n\t\t\t\t\t\t\t<div class=\"e-hosted-video elementor-wrapper elementor-open-inline\">\n\t\t\t\t\t<video class=\"elementor-video\" src=\"http:\/\/jamdc.cz\/wp-content\/uploads\/2024\/09\/Camp-of-Jam-Dance-2022.mp4\" controls=\"\" preload=\"metadata\" controlsList=\"nodownload\"><\/video>\n\t\t\t\t<\/div>\n\t\t\t\t\t\t<\/div>\n\t\t\t\t<\/div>\n\t\t\t\t\t<\/div>\n\t\t\t\t<\/div>\n\t\t<div class=\"elementor-element elementor-element-3426ae6 e-flex e-con-boxed e-con e-parent\" data-id=\"3426ae6\" data-element_type=\"container\">\n\t\t\t\t\t<div class=\"e-con-inner\">\n\t\t\t\t<div class=\"elementor-element elementor-element-5871352 elementor-widget elementor-widget-heading\" data-id=\"5871352\" data-element_type=\"widget\" data-widget_type=\"heading.default\">\n\t\t\t\t<div class=\"elementor-widget-container\">\n\t\t\t\t\t<h2 class=\"elementor-heading-title elementor-size-default\">2021<\/h2>\t\t\t\t<\/div>\n\t\t\t\t<\/div>\n\t\t\t\t<div class=\"elementor-element elementor-element-61bd115 elementor-widget elementor-widget-video\" data-id=\"61bd115\" data-element_type=\"widget\" data-settings=\"{&quot;video_type&quot;:&quot;hosted&quot;,&quot;controls&quot;:&quot;yes&quot;}\" data-widget_type=\"video.default\">\n\t\t\t\t<div class=\"elementor-widget-container\">\n\t\t\t\t\t\t\t<div class=\"e-hosted-video elementor-wrapper elementor-open-inline\">\n\t\t\t\t\t<video class=\"elementor-video\" src=\"http:\/\/jamdc.cz\/wp-content\/uploads\/2024\/09\/Camp-of-Jam-Dance-2021.mp4\" controls=\"\" preload=\"metadata\" controlsList=\"nodownload\"><\/video>\n\t\t\t\t<\/div>\n\t\t\t\t\t\t<\/div>\n\t\t\t\t<\/div>\n\t\t\t\t\t<\/div>\n\t\t\t\t<\/div>\n\t\t<div class=\"elementor-element elementor-element-e6de40c e-flex e-con-boxed e-con e-parent\" data-id=\"e6de40c\" data-element_type=\"container\">\n\t\t\t\t\t<div class=\"e-con-inner\">\n\t\t\t\t<div class=\"elementor-element elementor-element-623db41 elementor-widget elementor-widget-heading\" data-id=\"623db41\" data-element_type=\"widget\" data-widget_type=\"heading.default\">\n\t\t\t\t<div class=\"elementor-widget-container\">\n\t\t\t\t\t<h2 class=\"elementor-heading-title elementor-size-default\">2019<\/h2>\t\t\t\t<\/div>\n\t\t\t\t<\/div>\n\t\t\t\t<div class=\"elementor-element elementor-element-2966265 elementor-widget elementor-widget-video\" data-id=\"2966265\" data-element_type=\"widget\" data-settings=\"{&quot;video_type&quot;:&quot;hosted&quot;,&quot;controls&quot;:&quot;yes&quot;}\" data-widget_type=\"video.default\">\n\t\t\t\t<div class=\"elementor-widget-container\">\n\t\t\t\t\t\t\t<div class=\"e-hosted-video elementor-wrapper elementor-open-inline\">\n\t\t\t\t\t<video class=\"elementor-video\" src=\"http:\/\/jamdc.cz\/wp-content\/uploads\/2019\/10\/Camp-of-Jam-Dance-2019_Oficial-video-2.mp4\" controls=\"\" preload=\"metadata\" controlsList=\"nodownload\"><\/video>\n\t\t\t\t<\/div>\n\t\t\t\t\t\t<\/div>\n\t\t\t\t<\/div>\n\t\t\t\t\t<\/div>\n\t\t\t\t<\/div>\n\t\t\t\t<\/div>\n\t\t","protected":false},"excerpt":{"rendered":"<p>Camp Of JAM dance N\u00e1\u0161 legend\u00e1rn\u00ed tane\u010dn\u00ed t\u00e1bor Camp of Jam dance, kter\u00fd se kon\u00e1 v p\u0159ekr\u00e1sn\u00e9m st\u0159edisku Tesla Horn\u00ed Bradlo ji\u017e 14 t\u00fdm rokem u\u017e m\u00e1 datum&#8230;.. a to je 11.7 &#8211; 18.7.2026. Tak\u017ee SAVE A DATE a p\u0159ihla\u0161ovat se m\u016f\u017eete ji\u017e tento prosinec.\u00a0 2023 http:\/\/jamdc.cz\/wp-content\/uploads\/2024\/08\/Camp-of-Jam-Dance-2023_Final.mp4 2022 http:\/\/jamdc.cz\/wp-content\/uploads\/2024\/09\/Camp-of-Jam-Dance-2022.mp4 2021 http:\/\/jamdc.cz\/wp-content\/uploads\/2024\/09\/Camp-of-Jam-Dance-2021.mp4 2019 http:\/\/jamdc.cz\/wp-content\/uploads\/2019\/10\/Camp-of-Jam-Dance-2019_Oficial-video-2.mp4<\/p>\n","protected":false},"author":2,"featured_media":0,"parent":0,"menu_order":0,"comment_status":"closed","ping_status":"closed","template":"","meta":{"_kadence_starter_templates_imported_post":false,"_kad_post_transparent":"","_kad_post_title":"hide","_kad_post_layout":"fullwidth","_kad_post_sidebar_id":"","_kad_post_content_style":"unboxed","_kad_post_vertical_padding":"hide","_kad_post_feature":"hide","_kad_post_feature_position":"","_kad_post_header":false,"_kad_post_footer":false,"footnotes":""},"class_list":["post-2144","page","type-page","status-publish","hentry"],"_links":{"self":[{"href":"https:\/\/jamdc.cz\/index.php?rest_route=\/wp\/v2\/pages\/2144","targetHints":{"allow":["GET"]}}],"collection":[{"href":"https:\/\/jamdc.cz\/index.php?rest_route=\/wp\/v2\/pages"}],"about":[{"href":"https:\/\/jamdc.cz\/index.php?rest_route=\/wp\/v2\/types\/page"}],"author":[{"embeddable":true,"href":"https:\/\/jamdc.cz\/index.php?rest_route=\/wp\/v2\/users\/2"}],"replies":[{"embeddable":true,"href":"https:\/\/jamdc.cz\/index.php?rest_route=%2Fwp%2Fv2%2Fcomments&post=2144"}],"version-history":[{"count":19,"href":"https:\/\/jamdc.cz\/index.php?rest_route=\/wp\/v2\/pages\/2144\/revisions"}],"predecessor-version":[{"id":2612,"href":"https:\/\/jamdc.cz\/index.php?rest_route=\/wp\/v2\/pages\/2144\/revisions\/2612"}],"wp:attachment":[{"href":"https:\/\/jamdc.cz\/index.php?rest_route=%2Fwp%2Fv2%2Fmedia&parent=2144"}],"curies":[{"name":"wp","href":"https:\/\/api.w.org\/{rel}","templated":true}]}}