{"id":2070,"date":"2024-08-20T15:32:54","date_gmt":"2024-08-20T15:32:54","guid":{"rendered":"https:\/\/jamdc.cz\/?page_id=2070"},"modified":"2024-08-25T15:05:22","modified_gmt":"2024-08-25T15:05:22","slug":"lektor-malej-2024","status":"publish","type":"page","link":"https:\/\/jamdc.cz\/?page_id=2070","title":{"rendered":"Lektor &#8211; Malej 2024"},"content":{"rendered":"\t\t<div data-elementor-type=\"wp-page\" data-elementor-id=\"2070\" class=\"elementor elementor-2070\">\n\t\t\t\t<div class=\"elementor-element elementor-element-dd4a9c0 e-flex e-con-boxed e-con e-parent\" data-id=\"dd4a9c0\" data-element_type=\"container\" data-settings=\"{&quot;background_background&quot;:&quot;gradient&quot;}\">\n\t\t\t\t\t<div class=\"e-con-inner\">\n\t\t<div class=\"elementor-element elementor-element-4042c16f e-con-full e-flex e-con e-child\" data-id=\"4042c16f\" data-element_type=\"container\">\n\t\t\t\t<div class=\"elementor-element elementor-element-77a355d5 elementor-widget__width-initial elementor-widget elementor-widget-image\" data-id=\"77a355d5\" data-element_type=\"widget\" data-widget_type=\"image.default\">\n\t\t\t\t<div class=\"elementor-widget-container\">\n\t\t\t\t\t\t\t\t\t\t\t\t\t\t\t<img fetchpriority=\"high\" decoding=\"async\" width=\"466\" height=\"600\" src=\"https:\/\/jamdc.cz\/wp-content\/uploads\/2024\/08\/Jam-Dance-Crew_logo_72dpi_RGB.png\" class=\"attachment-large size-large wp-image-1757\" alt=\"\" srcset=\"https:\/\/jamdc.cz\/wp-content\/uploads\/2024\/08\/Jam-Dance-Crew_logo_72dpi_RGB.png 466w, https:\/\/jamdc.cz\/wp-content\/uploads\/2024\/08\/Jam-Dance-Crew_logo_72dpi_RGB-233x300.png 233w\" sizes=\"(max-width: 466px) 100vw, 466px\" \/>\t\t\t\t\t\t\t\t\t\t\t\t\t\t\t<\/div>\n\t\t\t\t<\/div>\n\t\t\t\t<\/div>\n\t\t<div class=\"elementor-element elementor-element-66009918 e-con-full e-flex e-con e-child\" data-id=\"66009918\" data-element_type=\"container\">\n\t\t\t\t<div class=\"elementor-element elementor-element-67e4217 elementor-widget elementor-widget-heading\" data-id=\"67e4217\" data-element_type=\"widget\" data-widget_type=\"heading.default\">\n\t\t\t\t<div class=\"elementor-widget-container\">\n\t\t\t\t\t<h1 class=\"elementor-heading-title elementor-size-default\">Malej (Tom\u00e1\u0161 Kov\u00e1\u010d)<\/h1>\t\t\t\t<\/div>\n\t\t\t\t<\/div>\n\t\t\t\t<\/div>\n\t\t\t\t<div class=\"elementor-element elementor-element-f5e481e elementor-widget elementor-widget-text-editor\" data-id=\"f5e481e\" data-element_type=\"widget\" data-widget_type=\"text-editor.default\">\n\t\t\t\t<div class=\"elementor-widget-container\">\n\t\t\t\t\t\t\t\t\t<h5><strong>lektor, choreograf, freestyler a performer<\/strong><\/h5><ul><li>\u00da\u017easn\u00fd lektor s\u00a0lidsk\u00fdm p\u0159\u00edstupem tvo\u0159\u00edc\u00ed n\u00e1m v\u0161echny sout\u011b\u017en\u00ed mixy<\/li><li>Spolehliv\u00fd, vtipn\u00fd, po\u0159\u00e1d na sob\u011b mak\u00e1, poppingov\u00fd pr\u00e1ska\u010d, lama\u010d beat\u016f<\/li><li>Je z\u00e1visl\u00fd na kvalitn\u00ed hudb\u011b a na Tazovi<\/li><\/ul><p><strong>Zku\u0161enosti:<\/strong><\/p><ul><li>URBAN STYLES \u2013 HIP-HOP, POPPING, HOUSE DANCE<\/li><li>\u00fa\u010dastn\u00edk mnoha battl\u016f, contest\u016f u n\u00e1s i v\u00a0zahrani\u010d\u00ed<\/li><li>spolupr\u00e1ce na spoust\u011b projektech, jako tane\u010dn\u00edk a choreograf<\/li><li>nejv\u011bt\u0161\u00ed z\u00e1libou DJing a speakrov\u00e1n\u00ed<\/li><li>STAGE PERFORMANCE:<ul><li>Adidas, C&amp;A, Time Out, Desigual, YesneYes, Prima Cool, Projekt S.O.U.L. a spoustu dal\u0161\u00edch\u2026<\/li><\/ul><\/li><\/ul><p><strong>\u00dasp\u011bchy choreografick\u00e9 a tane\u010dn\u00ed:<\/strong><\/p><ul><li>DFA 2010,2012 (finalista)<\/li><li>SDK (semifinalista)<\/li><li>Juste Debout CZ (semifinalista)<\/li><li>Beat Street crew vs. Crew (v\u00edt\u011bz)<\/li><li>Beat Street Popping (v\u00edt\u011bz)<\/li><li>Druh\u00e1 \u0161ance (v\u00edt\u011bz)<\/li><li>Cube Battle (v\u00edt\u011bz)<\/li><li>Hip Hop Jam Popping (v\u00edt\u011bz)<\/li><li>Joyride (v\u00edt\u011bz)<\/li><li>Rockin Champ crew battle (v\u00edt\u011bz)<\/li><li>Hip Hop Kemp Popping (finalista)<\/li><li>Fantasy DC \u2013 iBrow : Judgement Day (1.m\u00edsto TSR Praha, 1.m\u00edsto TSR M\u010c, 2.m\u00edsto TSR M\u010cR, 1.m\u00edsto Beat Street)<\/li><li>Last Minute crew \u2013 Prkna, kter\u00e1 znamenaj\u00ed sv\u011bt (3.m\u00edsto CDO Praha, 3.m\u00edsto CDO M\u010c)<\/li><\/ul>\t\t\t\t\t\t\t\t<\/div>\n\t\t\t\t<\/div>\n\t\t\t\t\t<\/div>\n\t\t\t\t<\/div>\n\t\t<div class=\"elementor-element elementor-element-5891015e e-flex e-con-boxed e-con e-parent\" data-id=\"5891015e\" data-element_type=\"container\">\n\t\t\t\t\t<div class=\"e-con-inner\">\n\t\t<div class=\"elementor-element elementor-element-1600ff11 e-con-full e-flex e-con e-child\" data-id=\"1600ff11\" data-element_type=\"container\">\n\t\t\t\t<div class=\"elementor-element elementor-element-f21f95d elementor-widget elementor-widget-image\" data-id=\"f21f95d\" data-element_type=\"widget\" data-widget_type=\"image.default\">\n\t\t\t\t<div class=\"elementor-widget-container\">\n\t\t\t\t\t\t\t\t\t\t\t\t\t\t\t<img decoding=\"async\" width=\"1024\" height=\"682\" src=\"https:\/\/jamdc.cz\/wp-content\/uploads\/2019\/08\/2018-10-24-23-08-30-1024x682.jpg\" class=\"attachment-large size-large wp-image-1478\" alt=\"\" srcset=\"https:\/\/jamdc.cz\/wp-content\/uploads\/2019\/08\/2018-10-24-23-08-30-1024x682.jpg 1024w, https:\/\/jamdc.cz\/wp-content\/uploads\/2019\/08\/2018-10-24-23-08-30-300x200.jpg 300w, https:\/\/jamdc.cz\/wp-content\/uploads\/2019\/08\/2018-10-24-23-08-30-768x512.jpg 768w, https:\/\/jamdc.cz\/wp-content\/uploads\/2019\/08\/2018-10-24-23-08-30.jpg 1600w\" sizes=\"(max-width: 1024px) 100vw, 1024px\" \/>\t\t\t\t\t\t\t\t\t\t\t\t\t\t\t<\/div>\n\t\t\t\t<\/div>\n\t\t\t\t<\/div>\n\t\t<div class=\"elementor-element elementor-element-429fe88b e-con-full e-flex e-con e-child\" data-id=\"429fe88b\" data-element_type=\"container\">\n\t\t\t\t<div class=\"elementor-element elementor-element-3712c88a elementor-widget elementor-widget-image\" data-id=\"3712c88a\" data-element_type=\"widget\" data-widget_type=\"image.default\">\n\t\t\t\t<div class=\"elementor-widget-container\">\n\t\t\t\t\t\t\t\t\t\t\t\t\t\t\t<img decoding=\"async\" width=\"1024\" height=\"862\" src=\"https:\/\/jamdc.cz\/wp-content\/uploads\/2019\/08\/2018-10-24-23-02-23-1024x862.jpg\" class=\"attachment-large size-large wp-image-1480\" alt=\"\" srcset=\"https:\/\/jamdc.cz\/wp-content\/uploads\/2019\/08\/2018-10-24-23-02-23-1024x862.jpg 1024w, https:\/\/jamdc.cz\/wp-content\/uploads\/2019\/08\/2018-10-24-23-02-23-300x253.jpg 300w, https:\/\/jamdc.cz\/wp-content\/uploads\/2019\/08\/2018-10-24-23-02-23-768x647.jpg 768w, https:\/\/jamdc.cz\/wp-content\/uploads\/2019\/08\/2018-10-24-23-02-23.jpg 1600w\" sizes=\"(max-width: 1024px) 100vw, 1024px\" \/>\t\t\t\t\t\t\t\t\t\t\t\t\t\t\t<\/div>\n\t\t\t\t<\/div>\n\t\t\t\t<\/div>\n\t\t<div class=\"elementor-element elementor-element-58442ba3 e-con-full e-flex e-con e-child\" data-id=\"58442ba3\" data-element_type=\"container\">\n\t\t\t\t<div class=\"elementor-element elementor-element-79ff22a8 elementor-widget elementor-widget-video\" data-id=\"79ff22a8\" data-element_type=\"widget\" data-settings=\"{&quot;video_type&quot;:&quot;hosted&quot;,&quot;controls&quot;:&quot;yes&quot;}\" data-widget_type=\"video.default\">\n\t\t\t\t<div class=\"elementor-widget-container\">\n\t\t\t\t\t\t\t<div class=\"e-hosted-video elementor-wrapper elementor-open-inline\">\n\t\t\t\t\t<video class=\"elementor-video\" src=\"http:\/\/jamdc.cz\/wp-content\/uploads\/2019\/09\/JDC_promo_lektori_malej_720p_50fps.mp4\" controls=\"\" preload=\"metadata\" controlsList=\"nodownload\"><\/video>\n\t\t\t\t<\/div>\n\t\t\t\t\t\t<\/div>\n\t\t\t\t<\/div>\n\t\t\t\t<\/div>\n\t\t\t\t\t<\/div>\n\t\t\t\t<\/div>\n\t\t\t\t<\/div>\n\t\t","protected":false},"excerpt":{"rendered":"<p>Malej (Tom\u00e1\u0161 Kov\u00e1\u010d) lektor, choreograf, freestyler a performer \u00da\u017easn\u00fd lektor s\u00a0lidsk\u00fdm p\u0159\u00edstupem tvo\u0159\u00edc\u00ed n\u00e1m v\u0161echny sout\u011b\u017en\u00ed mixy Spolehliv\u00fd, vtipn\u00fd, po\u0159\u00e1d na sob\u011b mak\u00e1, poppingov\u00fd pr\u00e1ska\u010d, lama\u010d beat\u016f Je z\u00e1visl\u00fd na kvalitn\u00ed hudb\u011b a na Tazovi Zku\u0161enosti: URBAN STYLES \u2013 HIP-HOP, POPPING, HOUSE DANCE \u00fa\u010dastn\u00edk mnoha battl\u016f, contest\u016f u n\u00e1s i v\u00a0zahrani\u010d\u00ed spolupr\u00e1ce na spoust\u011b projektech,&#8230;<\/p>\n","protected":false},"author":2,"featured_media":0,"parent":0,"menu_order":0,"comment_status":"closed","ping_status":"closed","template":"","meta":{"_kadence_starter_templates_imported_post":false,"_kad_post_transparent":"","_kad_post_title":"hide","_kad_post_layout":"fullwidth","_kad_post_sidebar_id":"","_kad_post_content_style":"unboxed","_kad_post_vertical_padding":"hide","_kad_post_feature":"hide","_kad_post_feature_position":"","_kad_post_header":false,"_kad_post_footer":false,"footnotes":""},"class_list":["post-2070","page","type-page","status-publish","hentry"],"_links":{"self":[{"href":"https:\/\/jamdc.cz\/index.php?rest_route=\/wp\/v2\/pages\/2070","targetHints":{"allow":["GET"]}}],"collection":[{"href":"https:\/\/jamdc.cz\/index.php?rest_route=\/wp\/v2\/pages"}],"about":[{"href":"https:\/\/jamdc.cz\/index.php?rest_route=\/wp\/v2\/types\/page"}],"author":[{"embeddable":true,"href":"https:\/\/jamdc.cz\/index.php?rest_route=\/wp\/v2\/users\/2"}],"replies":[{"embeddable":true,"href":"https:\/\/jamdc.cz\/index.php?rest_route=%2Fwp%2Fv2%2Fcomments&post=2070"}],"version-history":[{"count":7,"href":"https:\/\/jamdc.cz\/index.php?rest_route=\/wp\/v2\/pages\/2070\/revisions"}],"predecessor-version":[{"id":2352,"href":"https:\/\/jamdc.cz\/index.php?rest_route=\/wp\/v2\/pages\/2070\/revisions\/2352"}],"wp:attachment":[{"href":"https:\/\/jamdc.cz\/index.php?rest_route=%2Fwp%2Fv2%2Fmedia&parent=2070"}],"curies":[{"name":"wp","href":"https:\/\/api.w.org\/{rel}","templated":true}]}}