{"id":2060,"date":"2024-08-20T15:25:13","date_gmt":"2024-08-20T15:25:13","guid":{"rendered":"https:\/\/jamdc.cz\/?page_id=2060"},"modified":"2024-08-25T15:06:28","modified_gmt":"2024-08-25T15:06:28","slug":"lektor-lucie-2024","status":"publish","type":"page","link":"https:\/\/jamdc.cz\/?page_id=2060","title":{"rendered":"Lektor &#8211; Lucie 2024"},"content":{"rendered":"\t\t<div data-elementor-type=\"wp-page\" data-elementor-id=\"2060\" class=\"elementor elementor-2060\">\n\t\t\t\t<div class=\"elementor-element elementor-element-6f17628c e-flex e-con-boxed e-con e-parent\" data-id=\"6f17628c\" data-element_type=\"container\" data-settings=\"{&quot;background_background&quot;:&quot;gradient&quot;}\">\n\t\t\t\t\t<div class=\"e-con-inner\">\n\t\t<div class=\"elementor-element elementor-element-abe8ee5 e-con-full e-flex e-con e-child\" data-id=\"abe8ee5\" data-element_type=\"container\">\n\t\t\t\t<div class=\"elementor-element elementor-element-3e57dc91 elementor-widget__width-initial elementor-widget elementor-widget-image\" data-id=\"3e57dc91\" data-element_type=\"widget\" data-widget_type=\"image.default\">\n\t\t\t\t<div class=\"elementor-widget-container\">\n\t\t\t\t\t\t\t\t\t\t\t\t\t\t\t<img fetchpriority=\"high\" decoding=\"async\" width=\"466\" height=\"600\" src=\"https:\/\/jamdc.cz\/wp-content\/uploads\/2024\/08\/Jam-Dance-Crew_logo_72dpi_RGB.png\" class=\"attachment-large size-large wp-image-1757\" alt=\"\" srcset=\"https:\/\/jamdc.cz\/wp-content\/uploads\/2024\/08\/Jam-Dance-Crew_logo_72dpi_RGB.png 466w, https:\/\/jamdc.cz\/wp-content\/uploads\/2024\/08\/Jam-Dance-Crew_logo_72dpi_RGB-233x300.png 233w\" sizes=\"(max-width: 466px) 100vw, 466px\" \/>\t\t\t\t\t\t\t\t\t\t\t\t\t\t\t<\/div>\n\t\t\t\t<\/div>\n\t\t\t\t<\/div>\n\t\t<div class=\"elementor-element elementor-element-277be4c e-con-full e-flex e-con e-child\" data-id=\"277be4c\" data-element_type=\"container\">\n\t\t\t\t<div class=\"elementor-element elementor-element-c2dcb9 elementor-widget elementor-widget-heading\" data-id=\"c2dcb9\" data-element_type=\"widget\" data-widget_type=\"heading.default\">\n\t\t\t\t<div class=\"elementor-widget-container\">\n\t\t\t\t\t<h1 class=\"elementor-heading-title elementor-size-default\">Ing. Lucie Zaky (Pa\u0159menka)<\/h1>\t\t\t\t<\/div>\n\t\t\t\t<\/div>\n\t\t\t\t<\/div>\n\t\t\t\t<div class=\"elementor-element elementor-element-736362a3 elementor-widget elementor-widget-text-editor\" data-id=\"736362a3\" data-element_type=\"widget\" data-widget_type=\"text-editor.default\">\n\t\t\t\t<div class=\"elementor-widget-container\">\n\t\t\t\t\t\t\t\t\t<h5>Majitelka JDC, zku\u0161en\u00e1 lektorka, choreografka, tane\u010dnice a moder\u00e1torka<\/h5><ul><li>Jej\u00edm hlavn\u00ed c\u00edlem je vytvo\u0159it kvalitn\u00ed ale hlavn\u011b p\u0159\u00e1telsk\u00e9 prost\u0159ed\u00ed ve skupin\u011b. Sna\u017e\u00ed se studenty motivovat, p\u0159iv\u00e1\u017eet jim zahrani\u010dn\u00ed lektory, a podporovat je i v\u00a0mimo tr\u00e9ninkov\u00fdch tane\u010dn\u00edch aktivit\u00e1ch.<\/li><li>Jej\u00ed v\u00e1\u0161n\u00ed je latino, reggaeton, dancehall a popping, srandi\u010dky<\/li><\/ul><p><strong>Tane\u010dn\u00ed skupiny<\/strong><\/p><ul><li>tane\u010dn\u00ed skupina Jam dancecrew(od roku 2012)<\/li><li>spolupr\u00e1ce s tane\u010dn\u00ed skupinou D4U (2006 \u2013 2012)<\/li><li>kurzy orient\u00e1ln\u00edch tanc\u016f, modern\u00edho tance, contemporary, flamenco, salsa adirty dancing (2007 \u2013 2010)<\/li><li>tane\u010dn\u00ed skupina Fever (2000 \u2013 2004)<\/li><li>folkl\u00f3rn\u00ed soubor Ros\u00e9nka (1993 \u2013 1997)<\/li><\/ul><p><strong>Zku\u0161enosti:<\/strong><\/p><ul><li>Lucka se \u00fa\u010dastn\u00ed workshop\u016f \u010desk\u00fdch i sv\u011btov\u00fdch \u0161pi\u010dek tane\u010dn\u00ed komunity jako jsou Henry Link, Hiro, Karl Kane Wung, WillowEvann, ShynisSinghavara, Chris \u00a8Shake\u00a8 Mathis, Shannon \u00a8WhichwaySha\u00a8 Mabra, P-Lock, E-joe, IceE, J\u00e1ja Va\u0148kov\u00e1, Byron Cox, JeremyPaquet, J. K. Sanchez, WaheAkopjan, Spy Roby, Honza Mika, a mnoha dal\u0161\u00edch\u2026<\/li><li>T\u00fddenn\u00ed tane\u010dn\u00ed v\u00fdjezdy do Pa\u0159\u00ed\u017ee (b\u0159ezen a listopad 2014) \u2013 intenzivn\u00ed tane\u010dn\u00ed vzd\u011bl\u00e1v\u00e1n\u00ed (Juste Deboutschool, Studio Nilanthi) [fancy_link link=\u201chttps:\/\/www.youtube.com\/watch?v=lUMREA5UQ3c\u201c variation=\u201chotpink\u201c textColor=\u201c#f442e5\u2033 target=\u201cblank\u201c]video zde[\/fancy_link]<\/li><li>Workshopy v Turecku (Side) 2013 a vytvo\u0159en\u00ed choreografie pro anima\u010dn\u00ed t\u00fdm hotelov\u00e9ho resortu<\/li><li>Nat\u00e1\u010den\u00ed klipu Sharkass a Reppyho 2014 \u2013 vytvo\u0159en\u00ed choreografie a spolupr\u00e1ce na d\u011bjov\u00e9 lince a produkci\u00a0[fancy_link link=\u201chttps:\/\/www.youtube.com\/watch?v=4CqXfjGh7Gw\u201c variation=\u201chotpink\u201c textColor=\u201c#f442e5\u2033 target=\u201cblank\u201c]video zde[\/fancy_link]<\/li><li>Nat\u00e1\u010den\u00ed reklamy pro Pixelbags 2014 \u2013 vytvo\u0159en\u00ed choreografie a spolupr\u00e1ce na d\u011bjov\u00e9 lince [fancy_link link=\u201chttps:\/\/www.youtube.com\/watch?v=kGNDW7i-TXI\u201c variation=\u201chotpink\u201c textColor=\u201c#f442e5\u2033 target=\u201cblank\u201c]video zde[\/fancy_link]<\/li><li>Vytvo\u0159en\u00ed choreografie pro anglick\u00fd muzik\u00e1l BugsyMalone pro Young drama QueensBritishCouncil 2014<\/li><li>Spolupr\u00e1ce na projektu \u201eOnkod\u011bti v rytmu street dance\u201c(2015) pro d\u011bti, kter\u00e9 onemocn\u011bly rakovinou [fancy_link link=\u201chttps:\/\/www.youtube.com\/watch?v=3ma1D5ldQuM\u201c variation=\u201chotpink\u201c textColor=\u201c#f442e5\u2033 target=\u201cblank\u201c]video zde[\/fancy_link]<\/li><li>Reprezentov\u00e1n\u00ed \u010cR na festivalu ColoursofEurope ve Francii2015 v Boil de Roi (vytvo\u0159en\u00ed choreografie pro d\u011bti, flashmob a freestyle v\u00fdstup)<\/li><li>Shannon WhichawayShaMabra \u2013 zorganizov\u00e1n\u00ed 3,5 m\u011bs\u00ed\u010dn\u00ed st\u00e1\u017ee v \u010cesk\u00e9 republice a hlavn\u011b ve Velk\u00fdch P\u0159\u00edlepech (2015).<\/li><\/ul><p><strong>\u00dasp\u011bchy choreografick\u00e9 a tane\u010dn\u00ed:<\/strong><br \/><strong>2015<\/strong><\/p><ul><li>5. m\u00edsto Mistrovstv\u00ed \u010cR TSR 2015 s choreografi\u00ed Dance evolution (HVK Velk\u00e9 P\u0159\u00edlepy)<\/li><li>8. m\u00edsto Mistrovstv\u00ed \u010cR CDO Beat Street 2015 s choreografi\u00ed Dance evolution (HVK Velk\u00e9 P\u0159\u00edlepy)<\/li><li>9. m\u00edsto Mistrovstv\u00ed \u010cR CDO Beat Street 2015 s choreografi\u00ed Cesta do st\u0159edov\u011bku (JVK A Velk\u00e9 P\u0159\u00edlepy)<\/li><li>2. m\u00edsto Mistrovstv\u00ed \u010cech TSR 2015 s choreografi\u00ed Dance evolution (HVK Velk\u00e9 P\u0159\u00edlepy)<\/li><li>1. m\u00edsto Mistrovstv\u00ed Prahy a St\u0159edn\u00edch \u010cech CDO 2015 s choreografi\u00ed Dance Evolution (HVK Velk\u00e9 P\u0159\u00edlepy \u2013 Mistrovsk\u00e1 extraliga)<\/li><li>2. m\u00edsto Mistrovstv\u00ed Prahy a St\u0159edn\u00edch \u010cech CDO 2015 s choreografi\u00ed Cesta do st\u0159edov\u011bku (JVK A Velk\u00e9 P\u0159\u00edlepy)<\/li><li>8. m\u00edsto Mistrovstv\u00ed Prahy TSR 2015 s choreografi\u00ed QueensofQueen (SVK \u2013 maminky z Velk\u00fdch P\u0159\u00edlep)<\/li><li>8. m\u00edsto Mistrovstv\u00ed Prahy TSR 2015 s choreografi\u00ed Poprv\u00e9 na startu (d\u011btsk\u00e1 v\u011bkov\u00e1 kategorie \u2013 street dance 2. liga)<\/li><\/ul><p><strong>2014<\/strong><\/p><ul><li>3. m\u00edsto Mistrovstv\u00ed Prahy TSR 2014 s choreografi\u00ed Tenkr\u00e1t v P\u0159\u00edlepech (SVK -maminky z Velk\u00fdch P\u0159\u00edlep)<\/li><li>3. m\u00edsto Mistrovstv\u00ed Prahy TSR 2014 s choreografi\u00ed \u017div\u00e9 lego (JVK A Velk\u00e9 P\u0159\u00edlepy)<\/li><li>1. m\u00edsto Mistrovstv\u00ed St\u0159edn\u00edch \u010cech CDO 2014 za choreografii \u017div\u00e9 lego (JVK A Velk\u00e9 P\u0159\u00edlepy)<\/li><li>3. m\u00edsto Mistrovstv\u00ed St\u0159edn\u00edch \u010cech CDO 2014 za choreografii Oldschoolradio (JVK B Velk\u00e9 P\u0159\u00edlepy a Horom\u011b\u0159ice)<\/li><li>3. m\u00edsto Mistrovstv\u00ed \u010cech CDO 2014 za choreografii \u017div\u00e9 lego (JVK A Velk\u00e9 P\u0159\u00edlepy)<\/li><li>8. m\u00edsto Mistrovstv\u00ed \u010cR \u201eBeat Street\u201c 2014 s choreografi\u00ed \u017div\u00e9 lego (JVK A Velk\u00e9 P\u0159\u00edlepy)<\/li><\/ul><p><strong>2013<\/strong><\/p><ul><li>2. m\u00edsto Mistrovstv\u00ed Prahy CDO 2013 za choreografii Okresn\u00ed p\u0159ebor (JVK Velk\u00e9 P\u0159\u00edlepy)<\/li><li>9. m\u00edsto M\u010cR CDO \u2013 Beat street 2013 za choreografii Okresn\u00ed p\u0159ebor (JVK Velk\u00e9 P\u0159\u00edlepy)<\/li><li>vytvo\u0159en\u00ed choreografie \u201eEyeofthetiger\u201c pro kon\u011b a jezdce pro Drill team \u010cR v Rodeo stylu. V\u00edt\u011bzov\u00e9 \u2013 Mist\u0159i \u010cR (Leden \u2013 b\u0159ezen 2013)<\/li><\/ul><p><strong>2012<\/strong><\/p><ul><li>3. m\u00edsto BattleDancehall 1v1 (Kladno) 2012<\/li><li>4. m\u00edsto Battle Hip hop 1v1 (Kladno) 2012<\/li><li>finalistka M\u010cR v IDO Hip hopu v TSR, CDO<\/li><li>4. m\u00edsto Mistrovstv\u00ed Prahy TSR 2012 v Praze za choreografii \u010cernob\u00edl\u00fd film (JVK Velk\u00e9 P\u0159\u00edlepy)<\/li><li>6. m\u00edsto Mistrovstv\u00ed \u010cech TSR 2012 v Plzni za choreografii \u010cernob\u00edl\u00fd film (JVK Velk\u00e9 P\u0159\u00edlepy)<\/li><li>4. m\u00edsto M\u010cR TSR 2012 v Praze za choreografii \u010cernob\u00edl\u00fd film (JVK Velk\u00e9 P\u0159\u00edlepy)<\/li><\/ul><p><strong>Do roku 2011<\/strong><\/p><ul><li>finalistka M\u010cR ve Show dance 2011<\/li><li>Vicemistryn\u011b sv\u011bta ve Street dance formac\u00edch (Schoolproduction) v Polsku v roc<\/li><li>mistryn\u011b republiky ve Street dance formac\u00edch (Schoolproduction) v roce 2010 1. e 2010<\/li><li>finalistka v Show dance formac\u00edch pro rok 2009 a 2010<\/li><li>nominace na World cup do Chorvatska s Showdance formac\u00ed<\/li><li>v\u00edt\u011bzka krajsk\u00e9ho kola pro Prahu a st\u0159edn\u00ed \u010cechy pro rok 2008 v Show dance formac\u00edch<\/li><li>2. v\u00edcemistryn\u011b krajsk\u00e9ho kole pro Prahu a st\u0159edn\u00ed \u010cechy pro rok 2008 ve Street dance formac\u00edch<\/li><li>finalistka v Show dance formac\u00edch pro rok 2008, semifinalistka ve Street dance formac\u00edch 2008<\/li><li>v\u00edt\u011bzka krajsk\u00e9ho kola pro Prahu a st\u0159edn\u00ed \u010cechy pro rok 2008 v Show dance formac\u00edch<\/li><li>2. v\u00edcemistryn\u011b krajsk\u00e9ho kole pro Prahu a st\u0159edn\u00ed \u010cechy pro rok 2008 ve Street dance formac\u00edch<\/li><li>2007 v\u00edt\u011bz krajsk\u00e9ho kola ve Street dance \u2013 CamellusGamala<\/li><li>finalistka M\u010cR ve Street dance TU i SUT<\/li><\/ul><div id=\"simple-translate\" class=\"simple-translate-dark-theme\"><div><div class=\"simple-translate-button isShow\" style=\"background-image: url('moz-extension:\/\/9b4282c4-ce41-4717-831d-29a7bcafd2f0\/icons\/512.png'); height: 22px; width: 22px; top: 140px; left: 87px;\">\u00a0<\/div><div class=\"simple-translate-panel \" style=\"width: 300px; height: 200px; top: 0px; left: 0px; font-size: 13px;\"><div class=\"simple-translate-result-wrapper\" style=\"overflow: hidden;\"><div class=\"simple-translate-move\" draggable=\"true\">\u00a0<\/div><div class=\"simple-translate-result-contents\"><p class=\"simple-translate-result\" dir=\"auto\">\u00a0<\/p><p class=\"simple-translate-candidate\" dir=\"auto\">\u00a0<\/p><\/div><\/div><\/div><\/div><\/div>\t\t\t\t\t\t\t\t<\/div>\n\t\t\t\t<\/div>\n\t\t\t\t\t<\/div>\n\t\t\t\t<\/div>\n\t\t<div class=\"elementor-element elementor-element-5daf3907 e-flex e-con-boxed e-con e-parent\" data-id=\"5daf3907\" data-element_type=\"container\">\n\t\t\t\t\t<div class=\"e-con-inner\">\n\t\t<div class=\"elementor-element elementor-element-3903717d e-con-full e-flex e-con e-child\" data-id=\"3903717d\" data-element_type=\"container\">\n\t\t\t\t<div class=\"elementor-element elementor-element-2553eb9 elementor-widget elementor-widget-image\" data-id=\"2553eb9\" data-element_type=\"widget\" data-widget_type=\"image.default\">\n\t\t\t\t<div class=\"elementor-widget-container\">\n\t\t\t\t\t\t\t\t\t\t\t\t\t\t\t<img decoding=\"async\" width=\"1024\" height=\"686\" src=\"https:\/\/jamdc.cz\/wp-content\/uploads\/2019\/08\/2018-10-24-23-11-35-1024x686.jpg\" class=\"attachment-large size-large wp-image-1474\" alt=\"\" srcset=\"https:\/\/jamdc.cz\/wp-content\/uploads\/2019\/08\/2018-10-24-23-11-35-1024x686.jpg 1024w, https:\/\/jamdc.cz\/wp-content\/uploads\/2019\/08\/2018-10-24-23-11-35-300x201.jpg 300w, https:\/\/jamdc.cz\/wp-content\/uploads\/2019\/08\/2018-10-24-23-11-35-768x515.jpg 768w, https:\/\/jamdc.cz\/wp-content\/uploads\/2019\/08\/2018-10-24-23-11-35.jpg 1440w\" sizes=\"(max-width: 1024px) 100vw, 1024px\" \/>\t\t\t\t\t\t\t\t\t\t\t\t\t\t\t<\/div>\n\t\t\t\t<\/div>\n\t\t\t\t<\/div>\n\t\t<div class=\"elementor-element elementor-element-78fd7367 e-con-full e-flex e-con e-child\" data-id=\"78fd7367\" data-element_type=\"container\">\n\t\t\t\t<div class=\"elementor-element elementor-element-6b6a2174 elementor-widget elementor-widget-image\" data-id=\"6b6a2174\" data-element_type=\"widget\" data-widget_type=\"image.default\">\n\t\t\t\t<div class=\"elementor-widget-container\">\n\t\t\t\t\t\t\t\t\t\t\t\t\t\t\t<img decoding=\"async\" width=\"1024\" height=\"833\" src=\"https:\/\/jamdc.cz\/wp-content\/uploads\/2019\/08\/2018-10-24-23-14-16-1024x833.jpg\" class=\"attachment-large size-large wp-image-1473\" alt=\"\" srcset=\"https:\/\/jamdc.cz\/wp-content\/uploads\/2019\/08\/2018-10-24-23-14-16-1024x833.jpg 1024w, https:\/\/jamdc.cz\/wp-content\/uploads\/2019\/08\/2018-10-24-23-14-16-300x244.jpg 300w, https:\/\/jamdc.cz\/wp-content\/uploads\/2019\/08\/2018-10-24-23-14-16-768x625.jpg 768w, https:\/\/jamdc.cz\/wp-content\/uploads\/2019\/08\/2018-10-24-23-14-16.jpg 1440w\" sizes=\"(max-width: 1024px) 100vw, 1024px\" \/>\t\t\t\t\t\t\t\t\t\t\t\t\t\t\t<\/div>\n\t\t\t\t<\/div>\n\t\t\t\t<\/div>\n\t\t<div class=\"elementor-element elementor-element-75cf098e e-con-full e-flex e-con e-child\" data-id=\"75cf098e\" data-element_type=\"container\">\n\t\t\t\t<div class=\"elementor-element elementor-element-6c20d135 elementor-widget elementor-widget-video\" data-id=\"6c20d135\" data-element_type=\"widget\" data-settings=\"{&quot;video_type&quot;:&quot;hosted&quot;,&quot;controls&quot;:&quot;yes&quot;}\" data-widget_type=\"video.default\">\n\t\t\t\t<div class=\"elementor-widget-container\">\n\t\t\t\t\t\t\t<div class=\"e-hosted-video elementor-wrapper elementor-open-inline\">\n\t\t\t\t\t<video class=\"elementor-video\" src=\"http:\/\/jamdc.cz\/wp-content\/uploads\/2019\/09\/JDC_promo_lektori_parmenka_720p_50fps.mp4\" controls=\"\" preload=\"metadata\" controlsList=\"nodownload\"><\/video>\n\t\t\t\t<\/div>\n\t\t\t\t\t\t<\/div>\n\t\t\t\t<\/div>\n\t\t\t\t<\/div>\n\t\t\t\t\t<\/div>\n\t\t\t\t<\/div>\n\t\t\t\t<\/div>\n\t\t","protected":false},"excerpt":{"rendered":"<p>Ing. Lucie Zaky (Pa\u0159menka) Majitelka JDC, zku\u0161en\u00e1 lektorka, choreografka, tane\u010dnice a moder\u00e1torka Jej\u00edm hlavn\u00ed c\u00edlem je vytvo\u0159it kvalitn\u00ed ale hlavn\u011b p\u0159\u00e1telsk\u00e9 prost\u0159ed\u00ed ve skupin\u011b. Sna\u017e\u00ed se studenty motivovat, p\u0159iv\u00e1\u017eet jim zahrani\u010dn\u00ed lektory, a podporovat je i v\u00a0mimo tr\u00e9ninkov\u00fdch tane\u010dn\u00edch aktivit\u00e1ch. Jej\u00ed v\u00e1\u0161n\u00ed je latino, reggaeton, dancehall a popping, srandi\u010dky Tane\u010dn\u00ed skupiny tane\u010dn\u00ed skupina Jam dancecrew(od&#8230;<\/p>\n","protected":false},"author":2,"featured_media":0,"parent":0,"menu_order":0,"comment_status":"closed","ping_status":"closed","template":"","meta":{"_kadence_starter_templates_imported_post":false,"_kad_post_transparent":"","_kad_post_title":"hide","_kad_post_layout":"fullwidth","_kad_post_sidebar_id":"","_kad_post_content_style":"unboxed","_kad_post_vertical_padding":"hide","_kad_post_feature":"hide","_kad_post_feature_position":"","_kad_post_header":false,"_kad_post_footer":false,"footnotes":""},"class_list":["post-2060","page","type-page","status-publish","hentry"],"_links":{"self":[{"href":"https:\/\/jamdc.cz\/index.php?rest_route=\/wp\/v2\/pages\/2060","targetHints":{"allow":["GET"]}}],"collection":[{"href":"https:\/\/jamdc.cz\/index.php?rest_route=\/wp\/v2\/pages"}],"about":[{"href":"https:\/\/jamdc.cz\/index.php?rest_route=\/wp\/v2\/types\/page"}],"author":[{"embeddable":true,"href":"https:\/\/jamdc.cz\/index.php?rest_route=\/wp\/v2\/users\/2"}],"replies":[{"embeddable":true,"href":"https:\/\/jamdc.cz\/index.php?rest_route=%2Fwp%2Fv2%2Fcomments&post=2060"}],"version-history":[{"count":7,"href":"https:\/\/jamdc.cz\/index.php?rest_route=\/wp\/v2\/pages\/2060\/revisions"}],"predecessor-version":[{"id":2358,"href":"https:\/\/jamdc.cz\/index.php?rest_route=\/wp\/v2\/pages\/2060\/revisions\/2358"}],"wp:attachment":[{"href":"https:\/\/jamdc.cz\/index.php?rest_route=%2Fwp%2Fv2%2Fmedia&parent=2060"}],"curies":[{"name":"wp","href":"https:\/\/api.w.org\/{rel}","templated":true}]}}