{"id":1531,"date":"2019-09-14T09:43:31","date_gmt":"2019-09-14T09:43:31","guid":{"rendered":"http:\/\/jamdc.cz\/?page_id=1531"},"modified":"2019-10-08T15:03:53","modified_gmt":"2019-10-08T15:03:53","slug":"bubu","status":"publish","type":"page","link":"https:\/\/jamdc.cz\/?page_id=1531","title":{"rendered":"Lektor &#8211; Bubu"},"content":{"rendered":"<h1>Bubu (Jana Pukovcov\u00e1)<strong><br \/>\n<\/strong><\/h1>\n<ul>\n<li>Na\u0161e kr\u00e1lovna freestylu, lockingov\u00e1 princezna, milovnice Krav Magy a brokolice<\/li>\n<li>P\u0159i tr\u00e9ninc\u00edch se zam\u011b\u0159uje hlavn\u011b na spr\u00e1vnou techniku, na fyzi\u010dku a pom\u00e1h\u00e1 upevnit styl jednotlivce<\/li>\n<\/ul>\n<p><strong>Story:<\/strong><\/p>\n<p>Bubu poch\u00e1z\u00ed z\u00a0rodiny hudebn\u00edk\u016f.\u00a0 Od mala hr\u00e1la na housle a v\u011bnovala se latinsko-americk\u00fdm a standardn\u00edm tanc\u016fm. Ve 14ti letech se sezn\u00e1mila s\u00a0Up Ward breakers z\u00a0Opavy, kte\u0159\u00ed ji v\u00a0t\u00e1hli do hh kultury. D\u00edky nim si tak\u00e9 zamilovala funk a tento hudebn\u00ed \u017e\u00e1nr ji dovedl a\u017e\u00a0 Lockingu.<\/p>\n<p>Prvn\u00ed roky tan\u010dila se svoji crew a ob\u010das vyjeli na tane\u010dn\u00ed akci. Jej\u00ed crew se pozd\u011bji rozpadla a tak za\u010dala solo cestovat na battly a akce, p\u0159edev\u0161\u00edm na Groove days. D\u00edky t\u00e9to v\u00edkendov\u00e9 akci se sezn\u00e1mila s\u00a0The Next Movement crew, kter\u00e1 p\u016fsobila v\u00a0Praze. Do roka se odst\u011bhovala do Prahy a za\u010dala s\u00a0TNM crew tan\u010dit. Z\u00e1rove\u0148 se j\u00ed ujal prvn\u00ed \u010desk\u00fd funk tane\u010dn\u00edk Spy Roby, kter\u00fd ji za\u010dal p\u0159ed\u00e1vat sv\u00e9 zku\u0161enosti. V\u00a0t\u00e9 dob\u011b pravideln\u011b jezdila na battly. Po p\u00e1r \u00fasp\u011b\u0161n\u00fdch akc\u00ed, zkusila i zahrani\u010d\u00ed a ty ji otev\u0159eli dve\u0159e k cestov\u00e1n\u00ed.\u00a0 Nyn\u00ed se \u00fa\u010dastn\u00ed tuzemsk\u00fdch a evropsk\u00fdch battl\u016f pravideln\u011b po cel\u00fd rok.<\/p>\n<p><span lang=\"CS\">Ned\u00edlnou sou\u010d\u00e1st\u00ed Bubu je tak\u00e9 crew mamas, kter\u00e1 je slo\u017eena z\u00a0p\u0159edn\u00edch \u010desk\u00fdch tane\u010dnic (Sweemo, Zuzka Al, Nicky). <\/span><\/p>\n<p><strong>Zku\u0161enosti:<\/strong><\/p>\n<ul>\n<li>Winner \u2013 1vs1 Locking \u2013 Dance For Gold, Slovakia 2019<\/li>\n<li>Winner \u2013 1vs1 Locking \u2013 Hip Hop Kemp, Cz 2018<\/li>\n<li>Winner \u2013 7 to Smoke Locking \u2013 Uliczna Sztuka, Poland 2017<\/li>\n<li>Winner &#8211; 1vs1 Locking \u2013 Urban Jam, Hungary 2015<\/li>\n<li>Winner \u2013 7 to Smoke Locking &#8211; Whats up battle, Cz 2014<\/li>\n<li>Winner &#8211; 1vs1 Locking \u2013 Save the date for the Cetowy, Cz 2014<\/li>\n<li>Winner &#8211; 1vs1 Locking &#8211; I Wanna Funk You Hard, Cz 2013<\/li>\n<li>Winner \u2013 2vs2 Funk Styles \u2013 Burn down the floor, Cz 2012<\/li>\n<li>Winner \u2013 7 to Smoke Locking &#8211; Keep it funky, Cz 2011<\/li>\n<li>Winner 4x- 1vs1 All Style \u2013 Groove Days, Cz<\/li>\n<li>Final \u2013 1vs1 Locking \u2013 Feel The Vibe, Cz 2019<\/li>\n<li>Final \u2013 1vs1 Locking \u2013 Hip Hop Kemp, Cz 2017<\/li>\n<li>Final \u2013 2vs2 Funk Styles \u2013 Women Power, Slovakia 2015<\/li>\n<li>Final \u2013 CrewvsCrew \u2013 Rest in beats, Cz 2015<\/li>\n<li>Final \u2013 1vs1 Locking &#8211; Whats up battle, Cz 2013<\/li>\n<li>Final \u2013 1vs1 Locking &#8211; Funk the system, Germany 2013<\/li>\n<li>Final \u2013 1vs1 Locking \u2013 Battle of the year, Cz 2011<\/li>\n<li>Semifinal \u2013 1vs1 Locking \u2013 Move n Culture, Germany 2018<\/li>\n<li>Semifinal \u2013 1v1 Locking \u2013 Ghetto Soul, Germany 2016<\/li>\n<li>Semifinal \u2013 1vs1 Locking &#8211; Hip Hop Kemp, Cz 2016<\/li>\n<li>Semifinal \u2013 3vs3 Locking \u2013 Pay the cost to be the boss, France 2016<\/li>\n<li>Semifinal \u2013 1vs1 Locking &#8211; Funk the system, Germany 2012<\/li>\n<li>Top 8 \u2013 2vs2 Locking \u2013 Juste Debout Austria 2019<\/li>\n<li>Top 8 &#8211; 1vs1 Locking \u2013 Wake up battle, Germany 2016<\/li>\n<li>Top 16 &#8211; 1vs1 Locking \u2013 Pay the cost to be the boss, France 2015<\/li>\n<\/ul>\n<p>&nbsp;<\/p>\n<div style=\"width: 1280px;\" class=\"wp-video\"><!--[if lt IE 9]><script>document.createElement('video');<\/script><![endif]-->\n<video class=\"wp-video-shortcode\" id=\"video-1531-1\" width=\"1280\" height=\"720\" preload=\"metadata\" controls=\"controls\"><source type=\"video\/mp4\" src=\"http:\/\/jamdc.cz\/wp-content\/uploads\/2019\/09\/JDC_promo_lektori_bubu_720p_50fps.mp4?_=1\" \/><a href=\"http:\/\/jamdc.cz\/wp-content\/uploads\/2019\/09\/JDC_promo_lektori_bubu_720p_50fps.mp4\">http:\/\/jamdc.cz\/wp-content\/uploads\/2019\/09\/JDC_promo_lektori_bubu_720p_50fps.mp4<\/a><\/video><\/div>\n<p>&nbsp;<\/p>\n<p><img fetchpriority=\"high\" decoding=\"async\" class=\"alignnone wp-image-1536\" src=\"http:\/\/jamdc.cz\/wp-content\/uploads\/2019\/09\/2018-10-25-09-19-34-300x200.jpg\" alt=\"\" width=\"401\" height=\"267\" srcset=\"https:\/\/jamdc.cz\/wp-content\/uploads\/2019\/09\/2018-10-25-09-19-34-300x200.jpg 300w, https:\/\/jamdc.cz\/wp-content\/uploads\/2019\/09\/2018-10-25-09-19-34-768x512.jpg 768w, https:\/\/jamdc.cz\/wp-content\/uploads\/2019\/09\/2018-10-25-09-19-34-1024x682.jpg 1024w, https:\/\/jamdc.cz\/wp-content\/uploads\/2019\/09\/2018-10-25-09-19-34.jpg 1600w\" sizes=\"(max-width: 401px) 100vw, 401px\" \/><\/p>\n<p><img decoding=\"async\" class=\"size-medium wp-image-1537\" src=\"http:\/\/jamdc.cz\/wp-content\/uploads\/2019\/09\/2018-10-24-22-20-55-300x300.jpg\" alt=\"\" width=\"300\" height=\"300\" srcset=\"https:\/\/jamdc.cz\/wp-content\/uploads\/2019\/09\/2018-10-24-22-20-55-300x300.jpg 300w, https:\/\/jamdc.cz\/wp-content\/uploads\/2019\/09\/2018-10-24-22-20-55-150x150.jpg 150w, https:\/\/jamdc.cz\/wp-content\/uploads\/2019\/09\/2018-10-24-22-20-55-768x768.jpg 768w, https:\/\/jamdc.cz\/wp-content\/uploads\/2019\/09\/2018-10-24-22-20-55-1024x1024.jpg 1024w, https:\/\/jamdc.cz\/wp-content\/uploads\/2019\/09\/elementor\/thumbs\/2018-10-24-22-20-55-odr37ha4bvp0bxa0e6gpoywuu01nsy8yrp98jwaa28.jpg 600w, https:\/\/jamdc.cz\/wp-content\/uploads\/2019\/09\/2018-10-24-22-20-55.jpg 1600w\" sizes=\"(max-width: 300px) 100vw, 300px\" \/><\/p>\n","protected":false},"excerpt":{"rendered":"<p>Bubu (Jana Pukovcov\u00e1) Na\u0161e kr\u00e1lovna freestylu, lockingov\u00e1 princezna, milovnice Krav Magy a brokolice P\u0159i tr\u00e9ninc\u00edch se zam\u011b\u0159uje hlavn\u011b na spr\u00e1vnou techniku, na fyzi\u010dku a pom\u00e1h\u00e1 upevnit styl jednotlivce Story: Bubu poch\u00e1z\u00ed z\u00a0rodiny hudebn\u00edk\u016f.\u00a0 Od mala hr\u00e1la na housle a v\u011bnovala se latinsko-americk\u00fdm a standardn\u00edm tanc\u016fm. Ve 14ti letech se sezn\u00e1mila s\u00a0Up Ward breakers z\u00a0Opavy, kte\u0159\u00ed&#8230;<\/p>\n","protected":false},"author":2,"featured_media":0,"parent":0,"menu_order":0,"comment_status":"closed","ping_status":"closed","template":"","meta":{"_kadence_starter_templates_imported_post":false,"_kad_post_transparent":"","_kad_post_title":"","_kad_post_layout":"","_kad_post_sidebar_id":"","_kad_post_content_style":"","_kad_post_vertical_padding":"","_kad_post_feature":"","_kad_post_feature_position":"","_kad_post_header":false,"_kad_post_footer":false,"footnotes":""},"class_list":["post-1531","page","type-page","status-publish","hentry"],"_links":{"self":[{"href":"https:\/\/jamdc.cz\/index.php?rest_route=\/wp\/v2\/pages\/1531","targetHints":{"allow":["GET"]}}],"collection":[{"href":"https:\/\/jamdc.cz\/index.php?rest_route=\/wp\/v2\/pages"}],"about":[{"href":"https:\/\/jamdc.cz\/index.php?rest_route=\/wp\/v2\/types\/page"}],"author":[{"embeddable":true,"href":"https:\/\/jamdc.cz\/index.php?rest_route=\/wp\/v2\/users\/2"}],"replies":[{"embeddable":true,"href":"https:\/\/jamdc.cz\/index.php?rest_route=%2Fwp%2Fv2%2Fcomments&post=1531"}],"version-history":[{"count":5,"href":"https:\/\/jamdc.cz\/index.php?rest_route=\/wp\/v2\/pages\/1531\/revisions"}],"predecessor-version":[{"id":1573,"href":"https:\/\/jamdc.cz\/index.php?rest_route=\/wp\/v2\/pages\/1531\/revisions\/1573"}],"wp:attachment":[{"href":"https:\/\/jamdc.cz\/index.php?rest_route=%2Fwp%2Fv2%2Fmedia&parent=1531"}],"curies":[{"name":"wp","href":"https:\/\/api.w.org\/{rel}","templated":true}]}}